{"id":105,"date":"2019-06-23T12:03:36","date_gmt":"2019-06-23T12:03:36","guid":{"rendered":"http:\/\/inspirythemesdemo.com\/realplaces\/?page_id=105"},"modified":"2026-03-04T20:18:17","modified_gmt":"2026-03-04T19:18:17","slug":"inicio-inmobiliaria-vallecas","status":"publish","type":"page","link":"https:\/\/inmobiliariacasafamilia.com\/","title":{"rendered":"Inicio"},"content":{"rendered":"\t\t<div data-elementor-type=\"wp-post\" data-elementor-id=\"105\" class=\"elementor elementor-105\" data-elementor-post-type=\"page\">\n\t\t\t\t<div class=\"elementor-element elementor-element-9110f74 e-flex e-con-boxed e-con e-parent\" data-id=\"9110f74\" data-element_type=\"container\">\n\t\t\t\t\t<div class=\"e-con-inner\">\n\t\t\t\t<div class=\"elementor-element elementor-element-99721b7 elementor-widget elementor-widget-heading\" data-id=\"99721b7\" data-element_type=\"widget\" data-widget_type=\"heading.default\">\n\t\t\t\t<div class=\"elementor-widget-container\">\n\t\t\t\t\t<h1 class=\"elementor-heading-title elementor-size-default\"><a href=\"https:\/\/inmobiliariacasafamilia.com\/index.php\/listado-propiedades\/?status=en-venta\">INMUEBLES EN VENTA \n<\/a><\/h1>\t\t\t\t<\/div>\n\t\t\t\t<\/div>\n\t\t\t\t\t<\/div>\n\t\t\t\t<\/div>\n\t\t<div class=\"elementor-element elementor-element-fa726cb e-flex e-con-boxed e-con e-parent\" data-id=\"fa726cb\" data-element_type=\"container\">\n\t\t\t\t\t<div class=\"e-con-inner\">\n\t\t\t\t<div class=\"elementor-element elementor-element-437be13 elementor-widget elementor-widget-text-editor\" data-id=\"437be13\" data-element_type=\"widget\" data-widget_type=\"text-editor.default\">\n\t\t\t\t<div class=\"elementor-widget-container\">\n\t\t\t\t\t\t\t\t\t<p><span style=\"color: #808080; font-size: 15px; text-align: center;\"><span style=\"vertical-align: inherit;\"><span style=\"vertical-align: inherit;\">Echa un vistazo a nuestras\u00a0 propiedades\u00a0<\/span><\/span><\/span><\/p>\t\t\t\t\t\t\t\t<\/div>\n\t\t\t\t<\/div>\n\t\t\t\t\t<\/div>\n\t\t\t\t<\/div>\n\t\t<div class=\"elementor-element elementor-element-b25a3d6 e-flex e-con-boxed e-con e-parent\" data-id=\"b25a3d6\" data-element_type=\"container\">\n\t\t\t\t\t<div class=\"e-con-inner\">\n\t\t<div class=\"elementor-element elementor-element-e33d670 e-con-full e-flex e-con e-child\" data-id=\"e33d670\" data-element_type=\"container\">\n\t\t\t\t<div class=\"elementor-element elementor-element-2263b4f elementor-position-top elementor-widget elementor-widget-image-box\" data-id=\"2263b4f\" data-element_type=\"widget\" data-widget_type=\"image-box.default\">\n\t\t\t\t<div class=\"elementor-widget-container\">\n\t\t\t\t\t<div class=\"elementor-image-box-wrapper\"><figure class=\"elementor-image-box-img\"><a href=\"https:\/\/inmobiliariacasafamilia.com\/index.php\/valoracion-de-mercado\/\" tabindex=\"-1\"><img fetchpriority=\"high\" decoding=\"async\" width=\"2560\" height=\"1709\" src=\"https:\/\/inmobiliariacasafamilia.com\/wp-content\/uploads\/2023\/10\/arriba-pareja-contrato-hipoteca-scaled.jpg\" class=\"elementor-animation-bounce-out attachment-full size-full wp-image-5339\" alt=\"\" srcset=\"https:\/\/inmobiliariacasafamilia.com\/wp-content\/uploads\/2023\/10\/arriba-pareja-contrato-hipoteca-scaled.jpg 2560w, https:\/\/inmobiliariacasafamilia.com\/wp-content\/uploads\/2023\/10\/arriba-pareja-contrato-hipoteca-300x200.jpg 300w, https:\/\/inmobiliariacasafamilia.com\/wp-content\/uploads\/2023\/10\/arriba-pareja-contrato-hipoteca-1024x683.jpg 1024w, https:\/\/inmobiliariacasafamilia.com\/wp-content\/uploads\/2023\/10\/arriba-pareja-contrato-hipoteca-768x513.jpg 768w, https:\/\/inmobiliariacasafamilia.com\/wp-content\/uploads\/2023\/10\/arriba-pareja-contrato-hipoteca-1536x1025.jpg 1536w, https:\/\/inmobiliariacasafamilia.com\/wp-content\/uploads\/2023\/10\/arriba-pareja-contrato-hipoteca-2048x1367.jpg 2048w, https:\/\/inmobiliariacasafamilia.com\/wp-content\/uploads\/2023\/10\/arriba-pareja-contrato-hipoteca-150x100.jpg 150w, https:\/\/inmobiliariacasafamilia.com\/wp-content\/uploads\/2023\/10\/arriba-pareja-contrato-hipoteca-488x326.jpg 488w\" sizes=\"(max-width: 2560px) 100vw, 2560px\" \/><\/a><\/figure><div class=\"elementor-image-box-content\"><h3 class=\"elementor-image-box-title\"><a href=\"https:\/\/inmobiliariacasafamilia.com\/index.php\/valoracion-de-mercado\/\">Valoraci\u00f3n de mercado<\/a><\/h3><\/div><\/div>\t\t\t\t<\/div>\n\t\t\t\t<\/div>\n\t\t\t\t<\/div>\n\t\t<div class=\"elementor-element elementor-element-5fd1f01 e-con-full e-flex e-con e-child\" data-id=\"5fd1f01\" data-element_type=\"container\">\n\t\t\t\t<div class=\"elementor-element elementor-element-6a445ff elementor-position-top elementor-widget elementor-widget-image-box\" data-id=\"6a445ff\" data-element_type=\"widget\" data-widget_type=\"image-box.default\">\n\t\t\t\t<div class=\"elementor-widget-container\">\n\t\t\t\t\t<div class=\"elementor-image-box-wrapper\"><figure class=\"elementor-image-box-img\"><a href=\"https:\/\/inmobiliariacasafamilia.com\/index.php\/ventadeinmueble\/\" tabindex=\"-1\"><img decoding=\"async\" width=\"2560\" height=\"1707\" src=\"https:\/\/inmobiliariacasafamilia.com\/wp-content\/uploads\/2020\/02\/mujer-recibiendo-llave-agente-inmobiliario-scaled.jpg\" class=\"elementor-animation-bounce-out attachment-full size-full wp-image-4970\" alt=\"\" srcset=\"https:\/\/inmobiliariacasafamilia.com\/wp-content\/uploads\/2020\/02\/mujer-recibiendo-llave-agente-inmobiliario-scaled.jpg 2560w, https:\/\/inmobiliariacasafamilia.com\/wp-content\/uploads\/2020\/02\/mujer-recibiendo-llave-agente-inmobiliario-300x200.jpg 300w, https:\/\/inmobiliariacasafamilia.com\/wp-content\/uploads\/2020\/02\/mujer-recibiendo-llave-agente-inmobiliario-1024x683.jpg 1024w, https:\/\/inmobiliariacasafamilia.com\/wp-content\/uploads\/2020\/02\/mujer-recibiendo-llave-agente-inmobiliario-768x512.jpg 768w, https:\/\/inmobiliariacasafamilia.com\/wp-content\/uploads\/2020\/02\/mujer-recibiendo-llave-agente-inmobiliario-1536x1024.jpg 1536w, https:\/\/inmobiliariacasafamilia.com\/wp-content\/uploads\/2020\/02\/mujer-recibiendo-llave-agente-inmobiliario-2048x1365.jpg 2048w, https:\/\/inmobiliariacasafamilia.com\/wp-content\/uploads\/2020\/02\/mujer-recibiendo-llave-agente-inmobiliario-150x100.jpg 150w, https:\/\/inmobiliariacasafamilia.com\/wp-content\/uploads\/2020\/02\/mujer-recibiendo-llave-agente-inmobiliario-488x326.jpg 488w\" sizes=\"(max-width: 2560px) 100vw, 2560px\" \/><\/a><\/figure><div class=\"elementor-image-box-content\"><h3 class=\"elementor-image-box-title\"><a href=\"https:\/\/inmobiliariacasafamilia.com\/index.php\/ventadeinmueble\/\">Venta<\/a><\/h3><\/div><\/div>\t\t\t\t<\/div>\n\t\t\t\t<\/div>\n\t\t\t\t<\/div>\n\t\t<div class=\"elementor-element elementor-element-483113e e-con-full e-flex e-con e-child\" data-id=\"483113e\" data-element_type=\"container\">\n\t\t\t\t<div class=\"elementor-element elementor-element-b96cd04 elementor-position-top elementor-widget elementor-widget-image-box\" data-id=\"b96cd04\" data-element_type=\"widget\" data-widget_type=\"image-box.default\">\n\t\t\t\t<div class=\"elementor-widget-container\">\n\t\t\t\t\t<div class=\"elementor-image-box-wrapper\"><figure class=\"elementor-image-box-img\"><a href=\"https:\/\/inmobiliariacasafamilia.com\/index.php\/alquilerdeinmuebles\/\" tabindex=\"-1\"><img decoding=\"async\" width=\"2560\" height=\"1707\" src=\"https:\/\/inmobiliariacasafamilia.com\/wp-content\/uploads\/2023\/09\/primer-plano-agente-inmobiliario-dando-par-llaves-su-nuevo-hogar-1-scaled.jpg\" class=\"elementor-animation-bounce-out attachment-full size-full wp-image-4972\" alt=\"\" srcset=\"https:\/\/inmobiliariacasafamilia.com\/wp-content\/uploads\/2023\/09\/primer-plano-agente-inmobiliario-dando-par-llaves-su-nuevo-hogar-1-scaled.jpg 2560w, https:\/\/inmobiliariacasafamilia.com\/wp-content\/uploads\/2023\/09\/primer-plano-agente-inmobiliario-dando-par-llaves-su-nuevo-hogar-1-300x200.jpg 300w, https:\/\/inmobiliariacasafamilia.com\/wp-content\/uploads\/2023\/09\/primer-plano-agente-inmobiliario-dando-par-llaves-su-nuevo-hogar-1-1024x683.jpg 1024w, https:\/\/inmobiliariacasafamilia.com\/wp-content\/uploads\/2023\/09\/primer-plano-agente-inmobiliario-dando-par-llaves-su-nuevo-hogar-1-768x512.jpg 768w, https:\/\/inmobiliariacasafamilia.com\/wp-content\/uploads\/2023\/09\/primer-plano-agente-inmobiliario-dando-par-llaves-su-nuevo-hogar-1-1536x1024.jpg 1536w, https:\/\/inmobiliariacasafamilia.com\/wp-content\/uploads\/2023\/09\/primer-plano-agente-inmobiliario-dando-par-llaves-su-nuevo-hogar-1-2048x1365.jpg 2048w, https:\/\/inmobiliariacasafamilia.com\/wp-content\/uploads\/2023\/09\/primer-plano-agente-inmobiliario-dando-par-llaves-su-nuevo-hogar-1-150x100.jpg 150w, https:\/\/inmobiliariacasafamilia.com\/wp-content\/uploads\/2023\/09\/primer-plano-agente-inmobiliario-dando-par-llaves-su-nuevo-hogar-1-488x326.jpg 488w\" sizes=\"(max-width: 2560px) 100vw, 2560px\" \/><\/a><\/figure><div class=\"elementor-image-box-content\"><h3 class=\"elementor-image-box-title\"><a href=\"https:\/\/inmobiliariacasafamilia.com\/index.php\/alquilerdeinmuebles\/\">Alquiler<\/a><\/h3><\/div><\/div>\t\t\t\t<\/div>\n\t\t\t\t<\/div>\n\t\t\t\t<\/div>\n\t\t<div class=\"elementor-element elementor-element-c39717a e-con-full e-flex e-con e-child\" data-id=\"c39717a\" data-element_type=\"container\">\n\t\t\t\t<div class=\"elementor-element elementor-element-c8e8ded elementor-position-top elementor-widget elementor-widget-image-box\" data-id=\"c8e8ded\" data-element_type=\"widget\" data-widget_type=\"image-box.default\">\n\t\t\t\t<div class=\"elementor-widget-container\">\n\t\t\t\t\t<div class=\"elementor-image-box-wrapper\"><figure class=\"elementor-image-box-img\"><a href=\"https:\/\/inmobiliariacasafamilia.com\/index.php\/departamentojuridico\/\" tabindex=\"-1\"><img loading=\"lazy\" decoding=\"async\" width=\"826\" height=\"551\" src=\"https:\/\/inmobiliariacasafamilia.com\/wp-content\/uploads\/2023\/09\/martillo-llave-casa-sobre-mesa_441362-98-2.jpg\" class=\"elementor-animation-bounce-out attachment-full size-full wp-image-5015\" alt=\"\" srcset=\"https:\/\/inmobiliariacasafamilia.com\/wp-content\/uploads\/2023\/09\/martillo-llave-casa-sobre-mesa_441362-98-2.jpg 826w, https:\/\/inmobiliariacasafamilia.com\/wp-content\/uploads\/2023\/09\/martillo-llave-casa-sobre-mesa_441362-98-2-300x200.jpg 300w, https:\/\/inmobiliariacasafamilia.com\/wp-content\/uploads\/2023\/09\/martillo-llave-casa-sobre-mesa_441362-98-2-768x512.jpg 768w, https:\/\/inmobiliariacasafamilia.com\/wp-content\/uploads\/2023\/09\/martillo-llave-casa-sobre-mesa_441362-98-2-150x100.jpg 150w, https:\/\/inmobiliariacasafamilia.com\/wp-content\/uploads\/2023\/09\/martillo-llave-casa-sobre-mesa_441362-98-2-488x326.jpg 488w\" sizes=\"(max-width: 826px) 100vw, 826px\" \/><\/a><\/figure><div class=\"elementor-image-box-content\"><h3 class=\"elementor-image-box-title\"><a href=\"https:\/\/inmobiliariacasafamilia.com\/index.php\/departamentojuridico\/\">Departamento Jur\u00eddico<\/a><\/h3><\/div><\/div>\t\t\t\t<\/div>\n\t\t\t\t<\/div>\n\t\t\t\t<\/div>\n\t\t<div class=\"elementor-element elementor-element-e6ca2ed e-con-full e-flex e-con e-child\" data-id=\"e6ca2ed\" data-element_type=\"container\">\n\t\t\t\t<div class=\"elementor-element elementor-element-767eb47 elementor-position-top elementor-widget elementor-widget-image-box\" data-id=\"767eb47\" data-element_type=\"widget\" data-widget_type=\"image-box.default\">\n\t\t\t\t<div class=\"elementor-widget-container\">\n\t\t\t\t\t<div class=\"elementor-image-box-wrapper\"><figure class=\"elementor-image-box-img\"><a href=\"https:\/\/inmobiliariacasafamilia.com\/index.php\/departamentofinanciero\/\" tabindex=\"-1\"><img loading=\"lazy\" decoding=\"async\" width=\"2560\" height=\"1707\" src=\"https:\/\/inmobiliariacasafamilia.com\/wp-content\/uploads\/2023\/09\/empresario-trabajando-escritorio-oficina-2-scaled.jpg\" class=\"elementor-animation-bounce-out attachment-full size-full wp-image-5016\" alt=\"\" srcset=\"https:\/\/inmobiliariacasafamilia.com\/wp-content\/uploads\/2023\/09\/empresario-trabajando-escritorio-oficina-2-scaled.jpg 2560w, https:\/\/inmobiliariacasafamilia.com\/wp-content\/uploads\/2023\/09\/empresario-trabajando-escritorio-oficina-2-300x200.jpg 300w, https:\/\/inmobiliariacasafamilia.com\/wp-content\/uploads\/2023\/09\/empresario-trabajando-escritorio-oficina-2-1024x683.jpg 1024w, https:\/\/inmobiliariacasafamilia.com\/wp-content\/uploads\/2023\/09\/empresario-trabajando-escritorio-oficina-2-768x512.jpg 768w, https:\/\/inmobiliariacasafamilia.com\/wp-content\/uploads\/2023\/09\/empresario-trabajando-escritorio-oficina-2-1536x1024.jpg 1536w, https:\/\/inmobiliariacasafamilia.com\/wp-content\/uploads\/2023\/09\/empresario-trabajando-escritorio-oficina-2-2048x1365.jpg 2048w, https:\/\/inmobiliariacasafamilia.com\/wp-content\/uploads\/2023\/09\/empresario-trabajando-escritorio-oficina-2-150x100.jpg 150w, https:\/\/inmobiliariacasafamilia.com\/wp-content\/uploads\/2023\/09\/empresario-trabajando-escritorio-oficina-2-488x326.jpg 488w\" sizes=\"(max-width: 2560px) 100vw, 2560px\" \/><\/a><\/figure><div class=\"elementor-image-box-content\"><h3 class=\"elementor-image-box-title\"><a href=\"https:\/\/inmobiliariacasafamilia.com\/index.php\/departamentofinanciero\/\">Departamento financiero<\/a><\/h3><\/div><\/div>\t\t\t\t<\/div>\n\t\t\t\t<\/div>\n\t\t\t\t<\/div>\n\t\t<div class=\"elementor-element elementor-element-fb77c7b e-con-full e-flex e-con e-child\" data-id=\"fb77c7b\" data-element_type=\"container\">\n\t\t\t\t<div class=\"elementor-element elementor-element-bb2fe4e elementor-position-top elementor-widget elementor-widget-image-box\" data-id=\"bb2fe4e\" data-element_type=\"widget\" data-widget_type=\"image-box.default\">\n\t\t\t\t<div class=\"elementor-widget-container\">\n\t\t\t\t\t<div class=\"elementor-image-box-wrapper\"><figure class=\"elementor-image-box-img\"><a href=\"https:\/\/inmobiliariacasafamilia.com\/index.php\/equipodereforma\/\" tabindex=\"-1\"><img loading=\"lazy\" decoding=\"async\" width=\"2560\" height=\"1707\" src=\"https:\/\/inmobiliariacasafamilia.com\/wp-content\/uploads\/2023\/09\/manitas-sitio-construccion-proceso-perforacion-pared-perforador-2-scaled.jpg\" class=\"elementor-animation-bounce-out attachment-full size-full wp-image-5014\" alt=\"\" srcset=\"https:\/\/inmobiliariacasafamilia.com\/wp-content\/uploads\/2023\/09\/manitas-sitio-construccion-proceso-perforacion-pared-perforador-2-scaled.jpg 2560w, https:\/\/inmobiliariacasafamilia.com\/wp-content\/uploads\/2023\/09\/manitas-sitio-construccion-proceso-perforacion-pared-perforador-2-300x200.jpg 300w, https:\/\/inmobiliariacasafamilia.com\/wp-content\/uploads\/2023\/09\/manitas-sitio-construccion-proceso-perforacion-pared-perforador-2-1024x683.jpg 1024w, https:\/\/inmobiliariacasafamilia.com\/wp-content\/uploads\/2023\/09\/manitas-sitio-construccion-proceso-perforacion-pared-perforador-2-768x512.jpg 768w, https:\/\/inmobiliariacasafamilia.com\/wp-content\/uploads\/2023\/09\/manitas-sitio-construccion-proceso-perforacion-pared-perforador-2-1536x1024.jpg 1536w, https:\/\/inmobiliariacasafamilia.com\/wp-content\/uploads\/2023\/09\/manitas-sitio-construccion-proceso-perforacion-pared-perforador-2-2048x1365.jpg 2048w, https:\/\/inmobiliariacasafamilia.com\/wp-content\/uploads\/2023\/09\/manitas-sitio-construccion-proceso-perforacion-pared-perforador-2-150x100.jpg 150w, https:\/\/inmobiliariacasafamilia.com\/wp-content\/uploads\/2023\/09\/manitas-sitio-construccion-proceso-perforacion-pared-perforador-2-488x326.jpg 488w\" sizes=\"(max-width: 2560px) 100vw, 2560px\" \/><\/a><\/figure><div class=\"elementor-image-box-content\"><h3 class=\"elementor-image-box-title\"><a href=\"https:\/\/inmobiliariacasafamilia.com\/index.php\/equipodereforma\/\">Grupo de reforma<\/a><\/h3><\/div><\/div>\t\t\t\t<\/div>\n\t\t\t\t<\/div>\n\t\t\t\t<\/div>\n\t\t\t\t\t<\/div>\n\t\t\t\t<\/div>\n\t\t<div class=\"elementor-element elementor-element-68cccce e-con-full e-flex e-con e-parent\" data-id=\"68cccce\" data-element_type=\"container\">\n\t\t<div class=\"elementor-element elementor-element-787d62c e-con-full e-flex e-con e-child\" data-id=\"787d62c\" data-element_type=\"container\">\n\t\t\t\t<div class=\"elementor-element elementor-element-fef9c14 elementor-widget elementor-widget-text-editor\" data-id=\"fef9c14\" data-element_type=\"widget\" data-widget_type=\"text-editor.default\">\n\t\t\t\t<div class=\"elementor-widget-container\">\n\t\t\t\t\t\t\t\t\t<p>Cont\u00e1ctanos hoy mismo y d\u00e9janos ser parte de tu experiencia<\/p>\t\t\t\t\t\t\t\t<\/div>\n\t\t\t\t<\/div>\n\t\t\t\t<\/div>\n\t\t\t\t<\/div>\n\t\t<div class=\"elementor-element elementor-element-7dc1adc e-flex e-con-boxed e-con e-parent\" data-id=\"7dc1adc\" data-element_type=\"container\">\n\t\t\t\t\t<div class=\"e-con-inner\">\n\t\t\t\t<div class=\"elementor-element elementor-element-4a4cb91 elementor-widget elementor-widget-google_maps\" data-id=\"4a4cb91\" data-element_type=\"widget\" data-widget_type=\"google_maps.default\">\n\t\t\t\t<div class=\"elementor-widget-container\">\n\t\t\t\t\t\t\t<div class=\"elementor-custom-embed\">\n\t\t\t<iframe loading=\"lazy\"\n\t\t\t\t\tsrc=\"https:\/\/maps.google.com\/maps?q=calle%20pedro%20laborde%2019%20&#038;t=m&#038;z=11&#038;output=embed&#038;iwloc=near\"\n\t\t\t\t\ttitle=\"calle pedro laborde 19 \"\n\t\t\t\t\taria-label=\"calle pedro laborde 19 \"\n\t\t\t><\/iframe>\n\t\t<\/div>\n\t\t\t\t\t\t<\/div>\n\t\t\t\t<\/div>\n\t\t\t\t\t<\/div>\n\t\t\t\t<\/div>\n\t\t\t\t<\/div>\n\t\t","protected":false},"excerpt":{"rendered":"<p>INMUEBLES EN VENTA Echa un vistazo a nuestras\u00a0 propiedades\u00a0 Valoraci\u00f3n de mercado Venta Alquiler Departamento Jur\u00eddico Departamento financiero Grupo de reforma Cont\u00e1ctanos hoy mismo y d\u00e9janos ser parte de tu experiencia<\/p>\n","protected":false},"author":1,"featured_media":4993,"parent":0,"menu_order":0,"comment_status":"open","ping_status":"closed","template":"templates\/home.php","meta":{"footnotes":""},"class_list":["post-105","page","type-page","status-publish","has-post-thumbnail","hentry"],"yoast_head":"<!-- This site is optimized with the Yoast SEO Premium plugin v20.0 (Yoast SEO v21.3) - https:\/\/yoast.com\/wordpress\/plugins\/seo\/ -->\n<title>Inicio - Inmobiliaria Casa Familia<\/title>\n<meta name=\"description\" content=\"inmobiliaria en Vallecas, Madrid, venta de pisos, locales, solares, terrenos, obra nueva, alquiler, estudios financiero. valoraciones.\" \/>\n<meta name=\"robots\" content=\"index, follow, max-snippet:-1, max-image-preview:large, max-video-preview:-1\" \/>\n<link rel=\"canonical\" href=\"https:\/\/inmobiliariacasafamilia.com\/\" \/>\n<meta property=\"og:locale\" content=\"es_ES\" \/>\n<meta property=\"og:type\" content=\"article\" \/>\n<meta property=\"og:title\" content=\"Inicio\" \/>\n<meta property=\"og:description\" content=\"inmobiliaria en Vallecas, Madrid, venta de pisos, locales, solares, terrenos, obra nueva, alquiler, estudios financiero. valoraciones.\" \/>\n<meta property=\"og:url\" content=\"https:\/\/inmobiliariacasafamilia.com\/\" \/>\n<meta property=\"og:site_name\" content=\"Inmobiliaria Casa Familia\" \/>\n<meta property=\"article:modified_time\" content=\"2026-03-04T19:18:17+00:00\" \/>\n<meta property=\"og:image\" content=\"https:\/\/inmobiliariacasafamilia.com\/wp-content\/uploads\/2020\/02\/WhatsApp-Image-2022-08-26-at-1.49.33-PM-1.jpeg\" \/>\n\t<meta property=\"og:image:width\" content=\"2048\" \/>\n\t<meta property=\"og:image:height\" content=\"1304\" \/>\n\t<meta property=\"og:image:type\" content=\"image\/jpeg\" \/>\n<meta name=\"twitter:card\" content=\"summary_large_image\" \/>\n<meta name=\"twitter:label1\" content=\"Tiempo de lectura\" \/>\n\t<meta name=\"twitter:data1\" content=\"2 minutos\" \/>\n<script type=\"application\/ld+json\" class=\"yoast-schema-graph\">{\"@context\":\"https:\/\/schema.org\",\"@graph\":[{\"@type\":\"WebPage\",\"@id\":\"https:\/\/inmobiliariacasafamilia.com\/\",\"url\":\"https:\/\/inmobiliariacasafamilia.com\/\",\"name\":\"Inicio - Inmobiliaria Casa Familia\",\"isPartOf\":{\"@id\":\"https:\/\/inmobiliariacasafamilia.com\/#website\"},\"datePublished\":\"2019-06-23T12:03:36+00:00\",\"dateModified\":\"2026-03-04T19:18:17+00:00\",\"description\":\"inmobiliaria en Vallecas, Madrid, venta de pisos, locales, solares, terrenos, obra nueva, alquiler, estudios financiero. valoraciones.\",\"breadcrumb\":{\"@id\":\"https:\/\/inmobiliariacasafamilia.com\/#breadcrumb\"},\"inLanguage\":\"es\",\"potentialAction\":[{\"@type\":\"ReadAction\",\"target\":[\"https:\/\/inmobiliariacasafamilia.com\/\"]}]},{\"@type\":\"BreadcrumbList\",\"@id\":\"https:\/\/inmobiliariacasafamilia.com\/#breadcrumb\",\"itemListElement\":[{\"@type\":\"ListItem\",\"position\":1,\"name\":\"Portada\",\"item\":\"https:\/\/inmobiliariacasafamilia.com\/\"},{\"@type\":\"ListItem\",\"position\":2,\"name\":\"Inicio\"}]},{\"@type\":\"WebSite\",\"@id\":\"https:\/\/inmobiliariacasafamilia.com\/#website\",\"url\":\"https:\/\/inmobiliariacasafamilia.com\/\",\"name\":\"Inmobiliaria Casa Familia\",\"description\":\"\",\"publisher\":{\"@id\":\"https:\/\/inmobiliariacasafamilia.com\/#organization\"},\"potentialAction\":[{\"@type\":\"SearchAction\",\"target\":{\"@type\":\"EntryPoint\",\"urlTemplate\":\"https:\/\/inmobiliariacasafamilia.com\/?s={search_term_string}\"},\"query-input\":\"required name=search_term_string\"}],\"inLanguage\":\"es\"},{\"@type\":\"Organization\",\"@id\":\"https:\/\/inmobiliariacasafamilia.com\/#organization\",\"name\":\"Inmobiliaria Casa Familia\",\"url\":\"https:\/\/inmobiliariacasafamilia.com\/\",\"logo\":{\"@type\":\"ImageObject\",\"inLanguage\":\"es\",\"@id\":\"https:\/\/inmobiliariacasafamilia.com\/#\/schema\/logo\/image\/\",\"url\":\"https:\/\/inmobiliariacasafamilia.com\/wp-content\/uploads\/2020\/02\/montaje-cinta-fachada-WEB.png\",\"contentUrl\":\"https:\/\/inmobiliariacasafamilia.com\/wp-content\/uploads\/2020\/02\/montaje-cinta-fachada-WEB.png\",\"width\":400,\"height\":102,\"caption\":\"Inmobiliaria Casa Familia \"},\"image\":{\"@id\":\"https:\/\/inmobiliariacasafamilia.com\/#\/schema\/logo\/image\/\"}}]}<\/script>\n<!-- \/ Yoast SEO Premium plugin. -->","yoast_head_json":{"title":"Inicio - Inmobiliaria Casa Familia","description":"inmobiliaria en Vallecas, Madrid, venta de pisos, locales, solares, terrenos, obra nueva, alquiler, estudios financiero. valoraciones.","robots":{"index":"index","follow":"follow","max-snippet":"max-snippet:-1","max-image-preview":"max-image-preview:large","max-video-preview":"max-video-preview:-1"},"canonical":"https:\/\/inmobiliariacasafamilia.com\/","og_locale":"es_ES","og_type":"article","og_title":"Inicio","og_description":"inmobiliaria en Vallecas, Madrid, venta de pisos, locales, solares, terrenos, obra nueva, alquiler, estudios financiero. valoraciones.","og_url":"https:\/\/inmobiliariacasafamilia.com\/","og_site_name":"Inmobiliaria Casa Familia","article_modified_time":"2026-03-04T19:18:17+00:00","og_image":[{"width":2048,"height":1304,"url":"https:\/\/inmobiliariacasafamilia.com\/wp-content\/uploads\/2020\/02\/WhatsApp-Image-2022-08-26-at-1.49.33-PM-1.jpeg","type":"image\/jpeg"}],"twitter_card":"summary_large_image","twitter_misc":{"Tiempo de lectura":"2 minutos"},"schema":{"@context":"https:\/\/schema.org","@graph":[{"@type":"WebPage","@id":"https:\/\/inmobiliariacasafamilia.com\/","url":"https:\/\/inmobiliariacasafamilia.com\/","name":"Inicio - Inmobiliaria Casa Familia","isPartOf":{"@id":"https:\/\/inmobiliariacasafamilia.com\/#website"},"datePublished":"2019-06-23T12:03:36+00:00","dateModified":"2026-03-04T19:18:17+00:00","description":"inmobiliaria en Vallecas, Madrid, venta de pisos, locales, solares, terrenos, obra nueva, alquiler, estudios financiero. valoraciones.","breadcrumb":{"@id":"https:\/\/inmobiliariacasafamilia.com\/#breadcrumb"},"inLanguage":"es","potentialAction":[{"@type":"ReadAction","target":["https:\/\/inmobiliariacasafamilia.com\/"]}]},{"@type":"BreadcrumbList","@id":"https:\/\/inmobiliariacasafamilia.com\/#breadcrumb","itemListElement":[{"@type":"ListItem","position":1,"name":"Portada","item":"https:\/\/inmobiliariacasafamilia.com\/"},{"@type":"ListItem","position":2,"name":"Inicio"}]},{"@type":"WebSite","@id":"https:\/\/inmobiliariacasafamilia.com\/#website","url":"https:\/\/inmobiliariacasafamilia.com\/","name":"Inmobiliaria Casa Familia","description":"","publisher":{"@id":"https:\/\/inmobiliariacasafamilia.com\/#organization"},"potentialAction":[{"@type":"SearchAction","target":{"@type":"EntryPoint","urlTemplate":"https:\/\/inmobiliariacasafamilia.com\/?s={search_term_string}"},"query-input":"required name=search_term_string"}],"inLanguage":"es"},{"@type":"Organization","@id":"https:\/\/inmobiliariacasafamilia.com\/#organization","name":"Inmobiliaria Casa Familia","url":"https:\/\/inmobiliariacasafamilia.com\/","logo":{"@type":"ImageObject","inLanguage":"es","@id":"https:\/\/inmobiliariacasafamilia.com\/#\/schema\/logo\/image\/","url":"https:\/\/inmobiliariacasafamilia.com\/wp-content\/uploads\/2020\/02\/montaje-cinta-fachada-WEB.png","contentUrl":"https:\/\/inmobiliariacasafamilia.com\/wp-content\/uploads\/2020\/02\/montaje-cinta-fachada-WEB.png","width":400,"height":102,"caption":"Inmobiliaria Casa Familia "},"image":{"@id":"https:\/\/inmobiliariacasafamilia.com\/#\/schema\/logo\/image\/"}}]}},"_links":{"self":[{"href":"https:\/\/inmobiliariacasafamilia.com\/index.php\/wp-json\/wp\/v2\/pages\/105","targetHints":{"allow":["GET"]}}],"collection":[{"href":"https:\/\/inmobiliariacasafamilia.com\/index.php\/wp-json\/wp\/v2\/pages"}],"about":[{"href":"https:\/\/inmobiliariacasafamilia.com\/index.php\/wp-json\/wp\/v2\/types\/page"}],"author":[{"embeddable":true,"href":"https:\/\/inmobiliariacasafamilia.com\/index.php\/wp-json\/wp\/v2\/users\/1"}],"replies":[{"embeddable":true,"href":"https:\/\/inmobiliariacasafamilia.com\/index.php\/wp-json\/wp\/v2\/comments?post=105"}],"version-history":[{"count":151,"href":"https:\/\/inmobiliariacasafamilia.com\/index.php\/wp-json\/wp\/v2\/pages\/105\/revisions"}],"predecessor-version":[{"id":9312,"href":"https:\/\/inmobiliariacasafamilia.com\/index.php\/wp-json\/wp\/v2\/pages\/105\/revisions\/9312"}],"wp:featuredmedia":[{"embeddable":true,"href":"https:\/\/inmobiliariacasafamilia.com\/index.php\/wp-json\/wp\/v2\/media\/4993"}],"wp:attachment":[{"href":"https:\/\/inmobiliariacasafamilia.com\/index.php\/wp-json\/wp\/v2\/media?parent=105"}],"curies":[{"name":"wp","href":"https:\/\/api.w.org\/{rel}","templated":true}]}}