{"id":4880,"date":"2020-05-04T19:30:02","date_gmt":"2020-05-04T17:30:02","guid":{"rendered":"http:\/\/demo.realhomes.io\/spanish\/?page_id=2"},"modified":"2023-10-06T11:13:23","modified_gmt":"2023-10-06T09:13:23","slug":"valoracion-de-mercado","status":"publish","type":"page","link":"https:\/\/inmobiliariacasafamilia.com\/index.php\/valoracion-de-mercado\/","title":{"rendered":"Valoraci\u00f3n"},"content":{"rendered":"\t\t<div data-elementor-type=\"wp-page\" data-elementor-id=\"4880\" class=\"elementor elementor-4880\" data-elementor-post-type=\"page\">\n\t\t\t\t<div class=\"elementor-element elementor-element-e0070d8 e-flex e-con-boxed e-con e-parent\" data-id=\"e0070d8\" data-element_type=\"container\">\n\t\t\t\t\t<div class=\"e-con-inner\">\n\t\t\t\t<div class=\"elementor-element elementor-element-5d6d899 elementor-widget elementor-widget-heading\" data-id=\"5d6d899\" data-element_type=\"widget\" data-widget_type=\"heading.default\">\n\t\t\t\t<div class=\"elementor-widget-container\">\n\t\t\t\t\t<h2 class=\"elementor-heading-title elementor-size-default\">\u00bfQu\u00e9 es una valoraci\u00f3n de inmueble?<\/h2>\t\t\t\t<\/div>\n\t\t\t\t<\/div>\n\t\t\t\t<div class=\"elementor-element elementor-element-6af8bc4 elementor-widget elementor-widget-text-editor\" data-id=\"6af8bc4\" data-element_type=\"widget\" data-widget_type=\"text-editor.default\">\n\t\t\t\t<div class=\"elementor-widget-container\">\n\t\t\t\t\t\t\t\t\t<p><span style=\"font-weight: 400;\">La valoraci\u00f3n de un inmueble es un proceso cr\u00edtico que determina el valor monetario estimado de una propiedad en el mercado actual. Esta evaluaci\u00f3n se basa en una variedad de factores, incluyendo la ubicaci\u00f3n, tama\u00f1o, estado de la propiedad y tendencias del mercado. Una valoraci\u00f3n precisa es esencial para tomar decisiones informadas al comprar, vender o alquilar una propiedad.<\/span><\/p>\t\t\t\t\t\t\t\t<\/div>\n\t\t\t\t<\/div>\n\t\t\t\t\t<\/div>\n\t\t\t\t<\/div>\n\t\t<div class=\"elementor-element elementor-element-25d308a e-flex e-con-boxed e-con e-parent\" data-id=\"25d308a\" data-element_type=\"container\">\n\t\t\t\t\t<div class=\"e-con-inner\">\n\t\t\t\t<div class=\"elementor-element elementor-element-410a5f9 elementor-widget elementor-widget-heading\" data-id=\"410a5f9\" data-element_type=\"widget\" data-widget_type=\"heading.default\">\n\t\t\t\t<div class=\"elementor-widget-container\">\n\t\t\t\t\t<h3 class=\"elementor-heading-title elementor-size-default\">Nuestra Experiencia en Valoraciones de Mercado<\/h3>\t\t\t\t<\/div>\n\t\t\t\t<\/div>\n\t\t\t\t<div class=\"elementor-element elementor-element-d013477 elementor-widget elementor-widget-text-editor\" data-id=\"d013477\" data-element_type=\"widget\" data-widget_type=\"text-editor.default\">\n\t\t\t\t<div class=\"elementor-widget-container\">\n\t\t\t\t\t\t\t\t\t<p><span style=\"font-weight: 400;\">En Inmobiliaria Casa Familia, nos enorgullecemos de contar con un equipo de expertos altamente cualificados en el arte de la valoraci\u00f3n de inmuebles. Nuestros profesionales no solo poseen un profundo conocimiento del mercado local, sino que tambi\u00e9n est\u00e1n respaldados por una extensa base de datos de transacciones inmobiliarias recientes.<\/span><\/p>\t\t\t\t\t\t\t\t<\/div>\n\t\t\t\t<\/div>\n\t\t\t\t\t<\/div>\n\t\t\t\t<\/div>\n\t\t<div class=\"elementor-element elementor-element-622a0fb e-flex e-con-boxed e-con e-parent\" data-id=\"622a0fb\" data-element_type=\"container\">\n\t\t\t\t\t<div class=\"e-con-inner\">\n\t\t\t\t<div class=\"elementor-element elementor-element-877cafb elementor-widget elementor-widget-heading\" data-id=\"877cafb\" data-element_type=\"widget\" data-widget_type=\"heading.default\">\n\t\t\t\t<div class=\"elementor-widget-container\">\n\t\t\t\t\t<h3 class=\"elementor-heading-title elementor-size-default\">M\u00e9todos Avanzados de Valoraci\u00f3n:<\/h3>\t\t\t\t<\/div>\n\t\t\t\t<\/div>\n\t\t\t\t<div class=\"elementor-element elementor-element-979b361 elementor-widget elementor-widget-text-editor\" data-id=\"979b361\" data-element_type=\"widget\" data-widget_type=\"text-editor.default\">\n\t\t\t\t<div class=\"elementor-widget-container\">\n\t\t\t\t\t\t\t\t\t<p><span style=\"font-weight: 400;\">Utilizamos una combinaci\u00f3n de m\u00e9todos avanzados para asegurarnos de que nuestras valoraciones sean precisas y actualizadas. Esto incluye el an\u00e1lisis comparativo de mercado (ACM), que compara la propiedad en cuesti\u00f3n con ventas recientes de propiedades similares en la zona. Adem\u00e1s, consideramos el enfoque de ingresos y el costo de reemplazo, dependiendo de la naturaleza y el prop\u00f3sito de la valoraci\u00f3n.<\/span><\/p>\t\t\t\t\t\t\t\t<\/div>\n\t\t\t\t<\/div>\n\t\t\t\t<div class=\"elementor-element elementor-element-a207fb3 elementor-widget elementor-widget-heading\" data-id=\"a207fb3\" data-element_type=\"widget\" data-widget_type=\"heading.default\">\n\t\t\t\t<div class=\"elementor-widget-container\">\n\t\t\t\t\t<h2 class=\"elementor-heading-title elementor-size-default\">\u00bfPor Qu\u00e9 Elegirnos?\n<\/h2>\t\t\t\t<\/div>\n\t\t\t\t<\/div>\n\t\t\t\t<div class=\"elementor-element elementor-element-a7eae9e elementor-widget elementor-widget-text-editor\" data-id=\"a7eae9e\" data-element_type=\"widget\" data-widget_type=\"text-editor.default\">\n\t\t\t\t<div class=\"elementor-widget-container\">\n\t\t\t\t\t\t\t\t\t<p><span style=\"font-weight: 400;\">Precisi\u00f3n y Fiabilidad: Nuestras valoraciones est\u00e1n respaldadas por datos precisos y actualizados, lo que te brinda una estimaci\u00f3n realista del valor de tu propiedad.<\/span><\/p><p><span style=\"font-weight: 400;\">Experiencia Local: Conocemos a fondo el mercado inmobiliario local y comprendemos las tendencias que afectan el valor de las propiedades en tu \u00e1rea.<\/span><\/p><p><span style=\"font-weight: 400;\">Atenci\u00f3n Personalizada: Entendemos que cada propiedad es \u00fanica. Por eso, ofrecemos un enfoque personalizado que se adapta a tus necesidades individuales.<\/span><\/p><p><span style=\"font-weight: 400;\">Transparencia: Mantenemos una comunicaci\u00f3n abierta y transparente durante todo el proceso de valoraci\u00f3n, asegur\u00e1ndonos de que est\u00e9s completamente informado.<\/span><\/p>\t\t\t\t\t\t\t\t<\/div>\n\t\t\t\t<\/div>\n\t\t\t\t\t<\/div>\n\t\t\t\t<\/div>\n\t\t<div class=\"elementor-element elementor-element-6373916 e-flex e-con-boxed e-con e-parent\" data-id=\"6373916\" data-element_type=\"container\">\n\t\t\t\t\t<div class=\"e-con-inner\">\n\t\t\t\t<div class=\"elementor-element elementor-element-6fa402e elementor-headline--style-highlight elementor-widget elementor-widget-animated-headline\" data-id=\"6fa402e\" data-element_type=\"widget\" data-settings=\"{&quot;highlighted_text&quot;:&quot;gratuita &quot;,&quot;headline_style&quot;:&quot;highlight&quot;,&quot;marker&quot;:&quot;circle&quot;,&quot;loop&quot;:&quot;yes&quot;,&quot;highlight_animation_duration&quot;:1200,&quot;highlight_iteration_delay&quot;:8000}\" data-widget_type=\"animated-headline.default\">\n\t\t\t\t<div class=\"elementor-widget-container\">\n\t\t\t\t\t\t\t<h2 class=\"elementor-headline\">\n\t\t\t\t\t<span class=\"elementor-headline-plain-text elementor-headline-text-wrapper\">Valoraci\u00f3n <\/span>\n\t\t\t\t<span class=\"elementor-headline-dynamic-wrapper elementor-headline-text-wrapper\">\n\t\t\t\t\t<span class=\"elementor-headline-dynamic-text elementor-headline-text-active\">gratuita <\/span>\n\t\t\t\t<\/span>\n\t\t\t\t\t<span class=\"elementor-headline-plain-text elementor-headline-text-wrapper\">sin compromiso<\/span>\n\t\t\t\t\t<\/h2>\n\t\t\t\t\t\t<\/div>\n\t\t\t\t<\/div>\n\t\t\t\t\t<\/div>\n\t\t\t\t<\/div>\n\t\t\t\t<\/div>\n\t\t","protected":false},"excerpt":{"rendered":"","protected":false},"author":1,"featured_media":5029,"parent":0,"menu_order":2,"comment_status":"closed","ping_status":"closed","template":"","meta":{"footnotes":""},"class_list":["post-4880","page","type-page","status-publish","has-post-thumbnail","hentry"],"yoast_head":"<!-- This site is optimized with the Yoast SEO Premium plugin v20.0 (Yoast SEO v21.3) - https:\/\/yoast.com\/wordpress\/plugins\/seo\/ -->\n<title>Valoraci\u00f3n - Inmobiliaria Casa Familia<\/title>\n<meta name=\"description\" content=\"VALORACI\u00d3N DE INMUEBLES EN VENTA, ALQUILER, PISOS, CHALETS, APARTAMENTOS, CASAS, TERRENOS, PLAZAS DE GARAJES\" \/>\n<meta name=\"robots\" content=\"index, follow, max-snippet:-1, max-image-preview:large, max-video-preview:-1\" \/>\n<link rel=\"canonical\" href=\"https:\/\/inmobiliariacasafamilia.com\/index.php\/valoracion-de-mercado\/\" \/>\n<meta property=\"og:locale\" content=\"es_ES\" \/>\n<meta property=\"og:type\" content=\"article\" \/>\n<meta property=\"og:title\" content=\"Valoraci\u00f3n\" \/>\n<meta property=\"og:description\" content=\"VALORACI\u00d3N DE INMUEBLES EN VENTA, ALQUILER, PISOS, CHALETS, APARTAMENTOS, CASAS, TERRENOS, PLAZAS DE GARAJES\" \/>\n<meta property=\"og:url\" content=\"https:\/\/inmobiliariacasafamilia.com\/index.php\/valoracion-de-mercado\/\" \/>\n<meta property=\"og:site_name\" content=\"Inmobiliaria Casa Familia\" \/>\n<meta property=\"article:modified_time\" content=\"2023-10-06T09:13:23+00:00\" \/>\n<meta property=\"og:image\" content=\"https:\/\/inmobiliariacasafamilia.com\/wp-content\/uploads\/2023\/10\/arriba-pareja-contrato-hipoteca-scaled.jpg\" \/>\n\t<meta property=\"og:image:width\" content=\"2560\" \/>\n\t<meta property=\"og:image:height\" content=\"1709\" \/>\n\t<meta property=\"og:image:type\" content=\"image\/jpeg\" \/>\n<meta name=\"twitter:card\" content=\"summary_large_image\" \/>\n<script type=\"application\/ld+json\" class=\"yoast-schema-graph\">{\"@context\":\"https:\/\/schema.org\",\"@graph\":[{\"@type\":\"Article\",\"@id\":\"https:\/\/inmobiliariacasafamilia.com\/index.php\/valoracion-de-mercado\/#article\",\"isPartOf\":{\"@id\":\"https:\/\/inmobiliariacasafamilia.com\/index.php\/valoracion-de-mercado\/\"},\"author\":{\"name\":\"administrador\",\"@id\":\"https:\/\/inmobiliariacasafamilia.com\/#\/schema\/person\/40add41b4adae2379a3d9813c05fdf33\"},\"headline\":\"Valoraci\u00f3n\",\"datePublished\":\"2020-05-04T17:30:02+00:00\",\"dateModified\":\"2023-10-06T09:13:23+00:00\",\"mainEntityOfPage\":{\"@id\":\"https:\/\/inmobiliariacasafamilia.com\/index.php\/valoracion-de-mercado\/\"},\"wordCount\":2,\"publisher\":{\"@id\":\"https:\/\/inmobiliariacasafamilia.com\/#organization\"},\"inLanguage\":\"es\"},{\"@type\":[\"WebPage\",\"ItemPage\"],\"@id\":\"https:\/\/inmobiliariacasafamilia.com\/index.php\/valoracion-de-mercado\/\",\"url\":\"https:\/\/inmobiliariacasafamilia.com\/index.php\/valoracion-de-mercado\/\",\"name\":\"Valoraci\u00f3n - Inmobiliaria Casa Familia\",\"isPartOf\":{\"@id\":\"https:\/\/inmobiliariacasafamilia.com\/#website\"},\"datePublished\":\"2020-05-04T17:30:02+00:00\",\"dateModified\":\"2023-10-06T09:13:23+00:00\",\"description\":\"VALORACI\u00d3N DE INMUEBLES EN VENTA, ALQUILER, PISOS, CHALETS, APARTAMENTOS, CASAS, TERRENOS, PLAZAS DE GARAJES\",\"breadcrumb\":{\"@id\":\"https:\/\/inmobiliariacasafamilia.com\/index.php\/valoracion-de-mercado\/#breadcrumb\"},\"inLanguage\":\"es\",\"potentialAction\":[{\"@type\":\"ReadAction\",\"target\":[\"https:\/\/inmobiliariacasafamilia.com\/index.php\/valoracion-de-mercado\/\"]}]},{\"@type\":\"BreadcrumbList\",\"@id\":\"https:\/\/inmobiliariacasafamilia.com\/index.php\/valoracion-de-mercado\/#breadcrumb\",\"itemListElement\":[{\"@type\":\"ListItem\",\"position\":1,\"name\":\"Portada\",\"item\":\"https:\/\/inmobiliariacasafamilia.com\/\"},{\"@type\":\"ListItem\",\"position\":2,\"name\":\"Valoraci\u00f3n\"}]},{\"@type\":\"WebSite\",\"@id\":\"https:\/\/inmobiliariacasafamilia.com\/#website\",\"url\":\"https:\/\/inmobiliariacasafamilia.com\/\",\"name\":\"Inmobiliaria Casa Familia\",\"description\":\"\",\"publisher\":{\"@id\":\"https:\/\/inmobiliariacasafamilia.com\/#organization\"},\"potentialAction\":[{\"@type\":\"SearchAction\",\"target\":{\"@type\":\"EntryPoint\",\"urlTemplate\":\"https:\/\/inmobiliariacasafamilia.com\/?s={search_term_string}\"},\"query-input\":\"required name=search_term_string\"}],\"inLanguage\":\"es\"},{\"@type\":\"Organization\",\"@id\":\"https:\/\/inmobiliariacasafamilia.com\/#organization\",\"name\":\"Inmobiliaria Casa Familia\",\"url\":\"https:\/\/inmobiliariacasafamilia.com\/\",\"logo\":{\"@type\":\"ImageObject\",\"inLanguage\":\"es\",\"@id\":\"https:\/\/inmobiliariacasafamilia.com\/#\/schema\/logo\/image\/\",\"url\":\"https:\/\/inmobiliariacasafamilia.com\/wp-content\/uploads\/2020\/02\/montaje-cinta-fachada-WEB.png\",\"contentUrl\":\"https:\/\/inmobiliariacasafamilia.com\/wp-content\/uploads\/2020\/02\/montaje-cinta-fachada-WEB.png\",\"width\":400,\"height\":102,\"caption\":\"Inmobiliaria Casa Familia \"},\"image\":{\"@id\":\"https:\/\/inmobiliariacasafamilia.com\/#\/schema\/logo\/image\/\"}},{\"@type\":\"Person\",\"@id\":\"https:\/\/inmobiliariacasafamilia.com\/#\/schema\/person\/40add41b4adae2379a3d9813c05fdf33\",\"name\":\"administrador\",\"image\":{\"@type\":\"ImageObject\",\"inLanguage\":\"es\",\"@id\":\"https:\/\/inmobiliariacasafamilia.com\/#\/schema\/person\/image\/\",\"url\":\"https:\/\/secure.gravatar.com\/avatar\/599cbca6d701ac3bc95aaad1d6ce82036ebe8cfe44e10f54289e43d19077eb08?s=96&d=mm&r=g\",\"contentUrl\":\"https:\/\/secure.gravatar.com\/avatar\/599cbca6d701ac3bc95aaad1d6ce82036ebe8cfe44e10f54289e43d19077eb08?s=96&d=mm&r=g\",\"caption\":\"administrador\"},\"sameAs\":[\"https:\/\/inmobiliariacasafamilia.com\"],\"url\":\"https:\/\/inmobiliariacasafamilia.com\/index.php\/author\/administrador\/\"}]}<\/script>\n<!-- \/ Yoast SEO Premium plugin. -->","yoast_head_json":{"title":"Valoraci\u00f3n - Inmobiliaria Casa Familia","description":"VALORACI\u00d3N DE INMUEBLES EN VENTA, ALQUILER, PISOS, CHALETS, APARTAMENTOS, CASAS, TERRENOS, PLAZAS DE GARAJES","robots":{"index":"index","follow":"follow","max-snippet":"max-snippet:-1","max-image-preview":"max-image-preview:large","max-video-preview":"max-video-preview:-1"},"canonical":"https:\/\/inmobiliariacasafamilia.com\/index.php\/valoracion-de-mercado\/","og_locale":"es_ES","og_type":"article","og_title":"Valoraci\u00f3n","og_description":"VALORACI\u00d3N DE INMUEBLES EN VENTA, ALQUILER, PISOS, CHALETS, APARTAMENTOS, CASAS, TERRENOS, PLAZAS DE GARAJES","og_url":"https:\/\/inmobiliariacasafamilia.com\/index.php\/valoracion-de-mercado\/","og_site_name":"Inmobiliaria Casa Familia","article_modified_time":"2023-10-06T09:13:23+00:00","og_image":[{"width":2560,"height":1709,"url":"https:\/\/inmobiliariacasafamilia.com\/wp-content\/uploads\/2023\/10\/arriba-pareja-contrato-hipoteca-scaled.jpg","type":"image\/jpeg"}],"twitter_card":"summary_large_image","schema":{"@context":"https:\/\/schema.org","@graph":[{"@type":"Article","@id":"https:\/\/inmobiliariacasafamilia.com\/index.php\/valoracion-de-mercado\/#article","isPartOf":{"@id":"https:\/\/inmobiliariacasafamilia.com\/index.php\/valoracion-de-mercado\/"},"author":{"name":"administrador","@id":"https:\/\/inmobiliariacasafamilia.com\/#\/schema\/person\/40add41b4adae2379a3d9813c05fdf33"},"headline":"Valoraci\u00f3n","datePublished":"2020-05-04T17:30:02+00:00","dateModified":"2023-10-06T09:13:23+00:00","mainEntityOfPage":{"@id":"https:\/\/inmobiliariacasafamilia.com\/index.php\/valoracion-de-mercado\/"},"wordCount":2,"publisher":{"@id":"https:\/\/inmobiliariacasafamilia.com\/#organization"},"inLanguage":"es"},{"@type":["WebPage","ItemPage"],"@id":"https:\/\/inmobiliariacasafamilia.com\/index.php\/valoracion-de-mercado\/","url":"https:\/\/inmobiliariacasafamilia.com\/index.php\/valoracion-de-mercado\/","name":"Valoraci\u00f3n - Inmobiliaria Casa Familia","isPartOf":{"@id":"https:\/\/inmobiliariacasafamilia.com\/#website"},"datePublished":"2020-05-04T17:30:02+00:00","dateModified":"2023-10-06T09:13:23+00:00","description":"VALORACI\u00d3N DE INMUEBLES EN VENTA, ALQUILER, PISOS, CHALETS, APARTAMENTOS, CASAS, TERRENOS, PLAZAS DE GARAJES","breadcrumb":{"@id":"https:\/\/inmobiliariacasafamilia.com\/index.php\/valoracion-de-mercado\/#breadcrumb"},"inLanguage":"es","potentialAction":[{"@type":"ReadAction","target":["https:\/\/inmobiliariacasafamilia.com\/index.php\/valoracion-de-mercado\/"]}]},{"@type":"BreadcrumbList","@id":"https:\/\/inmobiliariacasafamilia.com\/index.php\/valoracion-de-mercado\/#breadcrumb","itemListElement":[{"@type":"ListItem","position":1,"name":"Portada","item":"https:\/\/inmobiliariacasafamilia.com\/"},{"@type":"ListItem","position":2,"name":"Valoraci\u00f3n"}]},{"@type":"WebSite","@id":"https:\/\/inmobiliariacasafamilia.com\/#website","url":"https:\/\/inmobiliariacasafamilia.com\/","name":"Inmobiliaria Casa Familia","description":"","publisher":{"@id":"https:\/\/inmobiliariacasafamilia.com\/#organization"},"potentialAction":[{"@type":"SearchAction","target":{"@type":"EntryPoint","urlTemplate":"https:\/\/inmobiliariacasafamilia.com\/?s={search_term_string}"},"query-input":"required name=search_term_string"}],"inLanguage":"es"},{"@type":"Organization","@id":"https:\/\/inmobiliariacasafamilia.com\/#organization","name":"Inmobiliaria Casa Familia","url":"https:\/\/inmobiliariacasafamilia.com\/","logo":{"@type":"ImageObject","inLanguage":"es","@id":"https:\/\/inmobiliariacasafamilia.com\/#\/schema\/logo\/image\/","url":"https:\/\/inmobiliariacasafamilia.com\/wp-content\/uploads\/2020\/02\/montaje-cinta-fachada-WEB.png","contentUrl":"https:\/\/inmobiliariacasafamilia.com\/wp-content\/uploads\/2020\/02\/montaje-cinta-fachada-WEB.png","width":400,"height":102,"caption":"Inmobiliaria Casa Familia "},"image":{"@id":"https:\/\/inmobiliariacasafamilia.com\/#\/schema\/logo\/image\/"}},{"@type":"Person","@id":"https:\/\/inmobiliariacasafamilia.com\/#\/schema\/person\/40add41b4adae2379a3d9813c05fdf33","name":"administrador","image":{"@type":"ImageObject","inLanguage":"es","@id":"https:\/\/inmobiliariacasafamilia.com\/#\/schema\/person\/image\/","url":"https:\/\/secure.gravatar.com\/avatar\/599cbca6d701ac3bc95aaad1d6ce82036ebe8cfe44e10f54289e43d19077eb08?s=96&d=mm&r=g","contentUrl":"https:\/\/secure.gravatar.com\/avatar\/599cbca6d701ac3bc95aaad1d6ce82036ebe8cfe44e10f54289e43d19077eb08?s=96&d=mm&r=g","caption":"administrador"},"sameAs":["https:\/\/inmobiliariacasafamilia.com"],"url":"https:\/\/inmobiliariacasafamilia.com\/index.php\/author\/administrador\/"}]}},"_links":{"self":[{"href":"https:\/\/inmobiliariacasafamilia.com\/index.php\/wp-json\/wp\/v2\/pages\/4880","targetHints":{"allow":["GET"]}}],"collection":[{"href":"https:\/\/inmobiliariacasafamilia.com\/index.php\/wp-json\/wp\/v2\/pages"}],"about":[{"href":"https:\/\/inmobiliariacasafamilia.com\/index.php\/wp-json\/wp\/v2\/types\/page"}],"author":[{"embeddable":true,"href":"https:\/\/inmobiliariacasafamilia.com\/index.php\/wp-json\/wp\/v2\/users\/1"}],"replies":[{"embeddable":true,"href":"https:\/\/inmobiliariacasafamilia.com\/index.php\/wp-json\/wp\/v2\/comments?post=4880"}],"version-history":[{"count":22,"href":"https:\/\/inmobiliariacasafamilia.com\/index.php\/wp-json\/wp\/v2\/pages\/4880\/revisions"}],"predecessor-version":[{"id":5519,"href":"https:\/\/inmobiliariacasafamilia.com\/index.php\/wp-json\/wp\/v2\/pages\/4880\/revisions\/5519"}],"wp:featuredmedia":[{"embeddable":true,"href":"https:\/\/inmobiliariacasafamilia.com\/index.php\/wp-json\/wp\/v2\/media\/5029"}],"wp:attachment":[{"href":"https:\/\/inmobiliariacasafamilia.com\/index.php\/wp-json\/wp\/v2\/media?parent=4880"}],"curies":[{"name":"wp","href":"https:\/\/api.w.org\/{rel}","templated":true}]}}