{"id":5363,"date":"2023-10-05T11:08:07","date_gmt":"2023-10-05T09:08:07","guid":{"rendered":"https:\/\/inmobiliariacasafamilia.com\/?page_id=5363"},"modified":"2024-11-24T04:25:03","modified_gmt":"2024-11-24T03:25:03","slug":"alquilerdeinmuebles","status":"publish","type":"page","link":"https:\/\/inmobiliariacasafamilia.com\/index.php\/alquilerdeinmuebles\/","title":{"rendered":"Alquiler"},"content":{"rendered":"\t\t<div data-elementor-type=\"wp-page\" data-elementor-id=\"5363\" class=\"elementor elementor-5363\" data-elementor-post-type=\"page\">\n\t\t\t\t<div class=\"elementor-element elementor-element-e0070d8 e-flex e-con-boxed e-con e-parent\" data-id=\"e0070d8\" data-element_type=\"container\">\n\t\t\t\t\t<div class=\"e-con-inner\">\n\t\t\t\t<div class=\"elementor-element elementor-element-5d6d899 elementor-invisible elementor-widget elementor-widget-heading\" data-id=\"5d6d899\" data-element_type=\"widget\" data-settings=\"{&quot;_animation&quot;:&quot;zoomInLeft&quot;}\" data-widget_type=\"heading.default\">\n\t\t\t\t<div class=\"elementor-widget-container\">\n\t\t\t\t\t<h2 class=\"elementor-heading-title elementor-size-default\">\u00bfQUIERES ALQUILAR TU INMUEBLE?<\/h2>\t\t\t\t<\/div>\n\t\t\t\t<\/div>\n\t\t\t\t<div class=\"elementor-element elementor-element-6af8bc4 elementor-widget elementor-widget-text-editor\" data-id=\"6af8bc4\" data-element_type=\"widget\" data-widget_type=\"text-editor.default\">\n\t\t\t\t<div class=\"elementor-widget-container\">\n\t\t\t\t\t\t\t\t\t<p><span style=\"font-weight: 400;\">\u00bfEst\u00e1s buscando quien alquile tu inmueble? En Inmobiliaria Casa Familia, te ofrecemos la soluci\u00f3n perfecta. Somos la opci\u00f3n preferida en el mercado gracias a nuestra dedicaci\u00f3n y experiencia en el sector inmobiliario.<\/span><\/p><p dir=\"ltr\" style=\"line-height: 1.38; text-align: justify; margin-top: 0pt; margin-bottom: 0pt;\">\u00a0<\/p><p><span style=\"font-weight: 400;\">Puedes confiar en nosotros para encontrar el inquilino ideal. Nos tomamos el tiempo de comprender tus necesidades y preferencias, para asegurarnos de que la persona que habitar\u00e1 tu propiedad sea el complemento perfecto.<\/span><\/p><p dir=\"ltr\" style=\"line-height: 1.38; text-align: justify; margin-top: 0pt; margin-bottom: 0pt;\">\u00a0<\/p><p><span style=\"font-weight: 400;\">Adem\u00e1s, en Inmobiliaria Casa Familia, velamos por tu tranquilidad. Realizamos un estudio exhaustivo mediante seguros de impago, garantizando as\u00ed que tu experiencia de alquiler sea la m\u00e1s agradable posible. Sabemos que la seguridad y la confianza son fundamentales en este proceso.<\/span><\/p><p dir=\"ltr\" style=\"line-height: 1.38; text-align: justify; margin-top: 0pt; margin-bottom: 0pt;\">\u00a0<\/p><p><span style=\"font-weight: 400;\">Facilitamos cada etapa del proceso de alquiler. Desde la valoraci\u00f3n inicial hasta la firma del contrato, estamos a tu lado. Nos ocupamos de los detalles para que t\u00fa no tengas que preocuparte por nada.<\/span><\/p><p dir=\"ltr\" style=\"line-height: 1.38; text-align: justify; margin-top: 0pt; margin-bottom: 0pt;\">\u00a0<\/p><p><span style=\"font-weight: 400;\">Conf\u00eda en Inmobiliaria Casa Familia y d\u00e9janos hacer que el proceso de alquiler de tu inmueble sea una experiencia sin complicaciones y gratificante. Cont\u00e1ctanos hoy mismo y descubre por qu\u00e9 somos la mejor opci\u00f3n en el mercado.<\/span><\/p><p dir=\"ltr\" style=\"line-height: 1.38; text-align: center; margin-top: 0pt; margin-bottom: 0pt;\">\u00a0<\/p>\t\t\t\t\t\t\t\t<\/div>\n\t\t\t\t<\/div>\n\t\t\t\t\t<\/div>\n\t\t\t\t<\/div>\n\t\t<div class=\"elementor-element elementor-element-118a4cb e-flex e-con-boxed e-con e-parent\" data-id=\"118a4cb\" data-element_type=\"container\">\n\t\t\t\t\t<div class=\"e-con-inner\">\n\t\t\t\t<div class=\"elementor-element elementor-element-0016952 elementor-widget-mobile__width-auto elementor-widget elementor-widget-heading\" data-id=\"0016952\" data-element_type=\"widget\" data-widget_type=\"heading.default\">\n\t\t\t\t<div class=\"elementor-widget-container\">\n\t\t\t\t\t<h2 class=\"elementor-heading-title elementor-size-default\">Seguros colaboradores <\/h2>\t\t\t\t<\/div>\n\t\t\t\t<\/div>\n\t\t\t\t\t<\/div>\n\t\t\t\t<\/div>\n\t\t<div class=\"elementor-element elementor-element-f014655 e-flex e-con-boxed e-con e-parent\" data-id=\"f014655\" data-element_type=\"container\">\n\t\t\t\t\t<div class=\"e-con-inner\">\n\t\t<div class=\"elementor-element elementor-element-3c58b46 e-con-full e-flex e-con e-child\" data-id=\"3c58b46\" data-element_type=\"container\">\n\t\t\t\t<div class=\"elementor-element elementor-element-43fca01 elementor-invisible elementor-widget elementor-widget-image\" data-id=\"43fca01\" data-element_type=\"widget\" data-settings=\"{&quot;_animation&quot;:&quot;slideInDown&quot;}\" data-widget_type=\"image.default\">\n\t\t\t\t<div class=\"elementor-widget-container\">\n\t\t\t\t\t\t\t\t\t\t\t\t\t\t\t<img fetchpriority=\"high\" decoding=\"async\" width=\"738\" height=\"481\" src=\"https:\/\/inmobiliariacasafamilia.com\/wp-content\/uploads\/2023\/10\/caser-768x501.jpg\" class=\"attachment-medium_large size-medium_large wp-image-5397\" alt=\"\" srcset=\"https:\/\/inmobiliariacasafamilia.com\/wp-content\/uploads\/2023\/10\/caser-768x501.jpg 768w, https:\/\/inmobiliariacasafamilia.com\/wp-content\/uploads\/2023\/10\/caser-300x196.jpg 300w, https:\/\/inmobiliariacasafamilia.com\/wp-content\/uploads\/2023\/10\/caser-1024x668.jpg 1024w, https:\/\/inmobiliariacasafamilia.com\/wp-content\/uploads\/2023\/10\/caser-1536x1002.jpg 1536w, https:\/\/inmobiliariacasafamilia.com\/wp-content\/uploads\/2023\/10\/caser-2048x1336.jpg 2048w, https:\/\/inmobiliariacasafamilia.com\/wp-content\/uploads\/2023\/10\/caser-150x98.jpg 150w\" sizes=\"(max-width: 738px) 100vw, 738px\" \/>\t\t\t\t\t\t\t\t\t\t\t\t\t\t\t<\/div>\n\t\t\t\t<\/div>\n\t\t\t\t<\/div>\n\t\t<div class=\"elementor-element elementor-element-15990fb e-con-full e-flex e-con e-child\" data-id=\"15990fb\" data-element_type=\"container\">\n\t\t\t\t<div class=\"elementor-element elementor-element-3d14941 elementor-invisible elementor-widget elementor-widget-image\" data-id=\"3d14941\" data-element_type=\"widget\" data-settings=\"{&quot;_animation&quot;:&quot;slideInDown&quot;}\" data-widget_type=\"image.default\">\n\t\t\t\t<div class=\"elementor-widget-container\">\n\t\t\t\t\t\t\t\t\t\t\t\t\t\t\t<img decoding=\"async\" width=\"225\" height=\"225\" src=\"https:\/\/inmobiliariacasafamilia.com\/wp-content\/uploads\/2023\/10\/mutua.jpeg\" class=\"attachment-medium_large size-medium_large wp-image-5398\" alt=\"\" srcset=\"https:\/\/inmobiliariacasafamilia.com\/wp-content\/uploads\/2023\/10\/mutua.jpeg 225w, https:\/\/inmobiliariacasafamilia.com\/wp-content\/uploads\/2023\/10\/mutua-150x150.jpeg 150w, https:\/\/inmobiliariacasafamilia.com\/wp-content\/uploads\/2023\/10\/mutua-210x210.jpeg 210w\" sizes=\"(max-width: 225px) 100vw, 225px\" \/>\t\t\t\t\t\t\t\t\t\t\t\t\t\t\t<\/div>\n\t\t\t\t<\/div>\n\t\t\t\t<\/div>\n\t\t<div class=\"elementor-element elementor-element-d64b9ff e-con-full e-flex e-con e-child\" data-id=\"d64b9ff\" data-element_type=\"container\">\n\t\t\t\t<div class=\"elementor-element elementor-element-c13c2d0 elementor-invisible elementor-widget elementor-widget-image\" data-id=\"c13c2d0\" data-element_type=\"widget\" data-settings=\"{&quot;_animation&quot;:&quot;slideInDown&quot;}\" data-widget_type=\"image.default\">\n\t\t\t\t<div class=\"elementor-widget-container\">\n\t\t\t\t\t\t\t\t\t\t\t\t\t\t\t<img decoding=\"async\" width=\"738\" height=\"738\" src=\"https:\/\/inmobiliariacasafamilia.com\/wp-content\/uploads\/2023\/10\/das-logo-png-transparent-768x768.png\" class=\"attachment-medium_large size-medium_large wp-image-5399\" alt=\"\" srcset=\"https:\/\/inmobiliariacasafamilia.com\/wp-content\/uploads\/2023\/10\/das-logo-png-transparent-768x768.png 768w, https:\/\/inmobiliariacasafamilia.com\/wp-content\/uploads\/2023\/10\/das-logo-png-transparent-300x300.png 300w, https:\/\/inmobiliariacasafamilia.com\/wp-content\/uploads\/2023\/10\/das-logo-png-transparent-1024x1024.png 1024w, https:\/\/inmobiliariacasafamilia.com\/wp-content\/uploads\/2023\/10\/das-logo-png-transparent-150x150.png 150w, https:\/\/inmobiliariacasafamilia.com\/wp-content\/uploads\/2023\/10\/das-logo-png-transparent-1536x1536.png 1536w, https:\/\/inmobiliariacasafamilia.com\/wp-content\/uploads\/2023\/10\/das-logo-png-transparent-2048x2048.png 2048w, https:\/\/inmobiliariacasafamilia.com\/wp-content\/uploads\/2023\/10\/das-logo-png-transparent-210x210.png 210w\" sizes=\"(max-width: 738px) 100vw, 738px\" \/>\t\t\t\t\t\t\t\t\t\t\t\t\t\t\t<\/div>\n\t\t\t\t<\/div>\n\t\t\t\t<\/div>\n\t\t<div class=\"elementor-element elementor-element-caf96e1 e-con-full e-flex e-con e-child\" data-id=\"caf96e1\" data-element_type=\"container\">\n\t\t\t\t<div class=\"elementor-element elementor-element-b3320a1 elementor-invisible elementor-widget elementor-widget-image\" data-id=\"b3320a1\" data-element_type=\"widget\" data-settings=\"{&quot;_animation&quot;:&quot;slideInDown&quot;}\" data-widget_type=\"image.default\">\n\t\t\t\t<div class=\"elementor-widget-container\">\n\t\t\t\t\t\t\t\t\t\t\t\t\t\t\t<img loading=\"lazy\" decoding=\"async\" width=\"602\" height=\"602\" src=\"https:\/\/inmobiliariacasafamilia.com\/wp-content\/uploads\/2023\/10\/logo-de-arag.png\" class=\"attachment-medium_large size-medium_large wp-image-5400\" alt=\"\" srcset=\"https:\/\/inmobiliariacasafamilia.com\/wp-content\/uploads\/2023\/10\/logo-de-arag.png 602w, https:\/\/inmobiliariacasafamilia.com\/wp-content\/uploads\/2023\/10\/logo-de-arag-300x300.png 300w, https:\/\/inmobiliariacasafamilia.com\/wp-content\/uploads\/2023\/10\/logo-de-arag-150x150.png 150w, https:\/\/inmobiliariacasafamilia.com\/wp-content\/uploads\/2023\/10\/logo-de-arag-210x210.png 210w\" sizes=\"(max-width: 602px) 100vw, 602px\" \/>\t\t\t\t\t\t\t\t\t\t\t\t\t\t\t<\/div>\n\t\t\t\t<\/div>\n\t\t\t\t<\/div>\n\t\t<div class=\"elementor-element elementor-element-eebe80d e-con-full e-flex e-con e-child\" data-id=\"eebe80d\" data-element_type=\"container\">\n\t\t\t\t<div class=\"elementor-element elementor-element-7daa9b6 elementor-invisible elementor-widget elementor-widget-image\" data-id=\"7daa9b6\" data-element_type=\"widget\" data-settings=\"{&quot;_animation&quot;:&quot;slideInDown&quot;}\" data-widget_type=\"image.default\">\n\t\t\t\t<div class=\"elementor-widget-container\">\n\t\t\t\t\t\t\t\t\t\t\t\t\t\t\t<img loading=\"lazy\" decoding=\"async\" width=\"442\" height=\"114\" src=\"https:\/\/inmobiliariacasafamilia.com\/wp-content\/uploads\/2023\/10\/descarga.png\" class=\"attachment-medium_large size-medium_large wp-image-5401\" alt=\"\" srcset=\"https:\/\/inmobiliariacasafamilia.com\/wp-content\/uploads\/2023\/10\/descarga.png 442w, https:\/\/inmobiliariacasafamilia.com\/wp-content\/uploads\/2023\/10\/descarga-300x77.png 300w, https:\/\/inmobiliariacasafamilia.com\/wp-content\/uploads\/2023\/10\/descarga-150x39.png 150w\" sizes=\"(max-width: 442px) 100vw, 442px\" \/>\t\t\t\t\t\t\t\t\t\t\t\t\t\t\t<\/div>\n\t\t\t\t<\/div>\n\t\t\t\t<\/div>\n\t\t\t\t\t<\/div>\n\t\t\t\t<\/div>\n\t\t\t\t<\/div>\n\t\t","protected":false},"excerpt":{"rendered":"<p>\u00bfQUIERES ALQUILAR TU INMUEBLE? \u00bfEst\u00e1s buscando quien alquile tu inmueble? \u00bfEl Viagra te pone cachondo? Es una pregunta com\u00fan entre los hombres que buscan soluciones efectivas. Su funci\u00f3n principal consiste en mejorar el flujo sangu\u00edneo para tratar la disfunci\u00f3n er\u00e9ctil. Para obtener informaci\u00f3n completa, considere visitar https:\/\/piedmonthomehealth.com para obtener informaci\u00f3n detallada. Consultar a un profesional&#8230;<\/p>\n","protected":false},"author":1,"featured_media":5029,"parent":0,"menu_order":2,"comment_status":"closed","ping_status":"closed","template":"","meta":{"footnotes":""},"class_list":["post-5363","page","type-page","status-publish","has-post-thumbnail","hentry"],"yoast_head":"<!-- This site is optimized with the Yoast SEO Premium plugin v20.0 (Yoast SEO v21.3) - https:\/\/yoast.com\/wordpress\/plugins\/seo\/ -->\n<title>Alquiler - Inmobiliaria Casa Familia<\/title>\n<meta name=\"description\" content=\"VALORACI\u00d3N DE INMUEBLES EN VENTA, ALQUILER, PISOS, CHALETS, APARTAMENTOS, CASAS, TERRENOS, PLAZAS DE GARAJES\" \/>\n<meta name=\"robots\" content=\"index, follow, max-snippet:-1, max-image-preview:large, max-video-preview:-1\" \/>\n<link rel=\"canonical\" href=\"https:\/\/inmobiliariacasafamilia.com\/index.php\/alquilerdeinmuebles\/\" \/>\n<meta property=\"og:locale\" content=\"es_ES\" \/>\n<meta property=\"og:type\" content=\"article\" \/>\n<meta property=\"og:title\" content=\"Alquiler\" \/>\n<meta property=\"og:description\" content=\"VALORACI\u00d3N DE INMUEBLES EN VENTA, ALQUILER, PISOS, CHALETS, APARTAMENTOS, CASAS, TERRENOS, PLAZAS DE GARAJES\" \/>\n<meta property=\"og:url\" content=\"https:\/\/inmobiliariacasafamilia.com\/index.php\/alquilerdeinmuebles\/\" \/>\n<meta property=\"og:site_name\" content=\"Inmobiliaria Casa Familia\" \/>\n<meta property=\"article:modified_time\" content=\"2024-11-24T03:25:03+00:00\" \/>\n<meta property=\"og:image\" content=\"https:\/\/inmobiliariacasafamilia.com\/wp-content\/uploads\/2023\/10\/arriba-pareja-contrato-hipoteca-scaled.jpg\" \/>\n\t<meta property=\"og:image:width\" content=\"2560\" \/>\n\t<meta property=\"og:image:height\" content=\"1709\" \/>\n\t<meta property=\"og:image:type\" content=\"image\/jpeg\" \/>\n<meta name=\"twitter:card\" content=\"summary_large_image\" \/>\n<meta name=\"twitter:label1\" content=\"Tiempo de lectura\" \/>\n\t<meta name=\"twitter:data1\" content=\"2 minutos\" \/>\n<script type=\"application\/ld+json\" class=\"yoast-schema-graph\">{\"@context\":\"https:\/\/schema.org\",\"@graph\":[{\"@type\":\"Article\",\"@id\":\"https:\/\/inmobiliariacasafamilia.com\/index.php\/alquilerdeinmuebles\/#article\",\"isPartOf\":{\"@id\":\"https:\/\/inmobiliariacasafamilia.com\/index.php\/alquilerdeinmuebles\/\"},\"author\":{\"name\":\"administrador\",\"@id\":\"https:\/\/inmobiliariacasafamilia.com\/#\/schema\/person\/40add41b4adae2379a3d9813c05fdf33\"},\"headline\":\"Alquiler\",\"datePublished\":\"2023-10-05T09:08:07+00:00\",\"dateModified\":\"2024-11-24T03:25:03+00:00\",\"mainEntityOfPage\":{\"@id\":\"https:\/\/inmobiliariacasafamilia.com\/index.php\/alquilerdeinmuebles\/\"},\"wordCount\":262,\"publisher\":{\"@id\":\"https:\/\/inmobiliariacasafamilia.com\/#organization\"},\"inLanguage\":\"es\"},{\"@type\":[\"WebPage\",\"ItemPage\"],\"@id\":\"https:\/\/inmobiliariacasafamilia.com\/index.php\/alquilerdeinmuebles\/\",\"url\":\"https:\/\/inmobiliariacasafamilia.com\/index.php\/alquilerdeinmuebles\/\",\"name\":\"Alquiler - Inmobiliaria Casa Familia\",\"isPartOf\":{\"@id\":\"https:\/\/inmobiliariacasafamilia.com\/#website\"},\"datePublished\":\"2023-10-05T09:08:07+00:00\",\"dateModified\":\"2024-11-24T03:25:03+00:00\",\"description\":\"VALORACI\u00d3N DE INMUEBLES EN VENTA, ALQUILER, PISOS, CHALETS, APARTAMENTOS, CASAS, TERRENOS, PLAZAS DE GARAJES\",\"breadcrumb\":{\"@id\":\"https:\/\/inmobiliariacasafamilia.com\/index.php\/alquilerdeinmuebles\/#breadcrumb\"},\"inLanguage\":\"es\",\"potentialAction\":[{\"@type\":\"ReadAction\",\"target\":[\"https:\/\/inmobiliariacasafamilia.com\/index.php\/alquilerdeinmuebles\/\"]}]},{\"@type\":\"BreadcrumbList\",\"@id\":\"https:\/\/inmobiliariacasafamilia.com\/index.php\/alquilerdeinmuebles\/#breadcrumb\",\"itemListElement\":[{\"@type\":\"ListItem\",\"position\":1,\"name\":\"Portada\",\"item\":\"https:\/\/inmobiliariacasafamilia.com\/\"},{\"@type\":\"ListItem\",\"position\":2,\"name\":\"Alquiler\"}]},{\"@type\":\"WebSite\",\"@id\":\"https:\/\/inmobiliariacasafamilia.com\/#website\",\"url\":\"https:\/\/inmobiliariacasafamilia.com\/\",\"name\":\"Inmobiliaria Casa Familia\",\"description\":\"\",\"publisher\":{\"@id\":\"https:\/\/inmobiliariacasafamilia.com\/#organization\"},\"potentialAction\":[{\"@type\":\"SearchAction\",\"target\":{\"@type\":\"EntryPoint\",\"urlTemplate\":\"https:\/\/inmobiliariacasafamilia.com\/?s={search_term_string}\"},\"query-input\":\"required name=search_term_string\"}],\"inLanguage\":\"es\"},{\"@type\":\"Organization\",\"@id\":\"https:\/\/inmobiliariacasafamilia.com\/#organization\",\"name\":\"Inmobiliaria Casa Familia\",\"url\":\"https:\/\/inmobiliariacasafamilia.com\/\",\"logo\":{\"@type\":\"ImageObject\",\"inLanguage\":\"es\",\"@id\":\"https:\/\/inmobiliariacasafamilia.com\/#\/schema\/logo\/image\/\",\"url\":\"https:\/\/inmobiliariacasafamilia.com\/wp-content\/uploads\/2020\/02\/montaje-cinta-fachada-WEB.png\",\"contentUrl\":\"https:\/\/inmobiliariacasafamilia.com\/wp-content\/uploads\/2020\/02\/montaje-cinta-fachada-WEB.png\",\"width\":400,\"height\":102,\"caption\":\"Inmobiliaria Casa Familia \"},\"image\":{\"@id\":\"https:\/\/inmobiliariacasafamilia.com\/#\/schema\/logo\/image\/\"}},{\"@type\":\"Person\",\"@id\":\"https:\/\/inmobiliariacasafamilia.com\/#\/schema\/person\/40add41b4adae2379a3d9813c05fdf33\",\"name\":\"administrador\",\"image\":{\"@type\":\"ImageObject\",\"inLanguage\":\"es\",\"@id\":\"https:\/\/inmobiliariacasafamilia.com\/#\/schema\/person\/image\/\",\"url\":\"https:\/\/secure.gravatar.com\/avatar\/599cbca6d701ac3bc95aaad1d6ce82036ebe8cfe44e10f54289e43d19077eb08?s=96&d=mm&r=g\",\"contentUrl\":\"https:\/\/secure.gravatar.com\/avatar\/599cbca6d701ac3bc95aaad1d6ce82036ebe8cfe44e10f54289e43d19077eb08?s=96&d=mm&r=g\",\"caption\":\"administrador\"},\"sameAs\":[\"https:\/\/inmobiliariacasafamilia.com\"],\"url\":\"https:\/\/inmobiliariacasafamilia.com\/index.php\/author\/administrador\/\"}]}<\/script>\n<!-- \/ Yoast SEO Premium plugin. -->","yoast_head_json":{"title":"Alquiler - Inmobiliaria Casa Familia","description":"VALORACI\u00d3N DE INMUEBLES EN VENTA, ALQUILER, PISOS, CHALETS, APARTAMENTOS, CASAS, TERRENOS, PLAZAS DE GARAJES","robots":{"index":"index","follow":"follow","max-snippet":"max-snippet:-1","max-image-preview":"max-image-preview:large","max-video-preview":"max-video-preview:-1"},"canonical":"https:\/\/inmobiliariacasafamilia.com\/index.php\/alquilerdeinmuebles\/","og_locale":"es_ES","og_type":"article","og_title":"Alquiler","og_description":"VALORACI\u00d3N DE INMUEBLES EN VENTA, ALQUILER, PISOS, CHALETS, APARTAMENTOS, CASAS, TERRENOS, PLAZAS DE GARAJES","og_url":"https:\/\/inmobiliariacasafamilia.com\/index.php\/alquilerdeinmuebles\/","og_site_name":"Inmobiliaria Casa Familia","article_modified_time":"2024-11-24T03:25:03+00:00","og_image":[{"width":2560,"height":1709,"url":"https:\/\/inmobiliariacasafamilia.com\/wp-content\/uploads\/2023\/10\/arriba-pareja-contrato-hipoteca-scaled.jpg","type":"image\/jpeg"}],"twitter_card":"summary_large_image","twitter_misc":{"Tiempo de lectura":"2 minutos"},"schema":{"@context":"https:\/\/schema.org","@graph":[{"@type":"Article","@id":"https:\/\/inmobiliariacasafamilia.com\/index.php\/alquilerdeinmuebles\/#article","isPartOf":{"@id":"https:\/\/inmobiliariacasafamilia.com\/index.php\/alquilerdeinmuebles\/"},"author":{"name":"administrador","@id":"https:\/\/inmobiliariacasafamilia.com\/#\/schema\/person\/40add41b4adae2379a3d9813c05fdf33"},"headline":"Alquiler","datePublished":"2023-10-05T09:08:07+00:00","dateModified":"2024-11-24T03:25:03+00:00","mainEntityOfPage":{"@id":"https:\/\/inmobiliariacasafamilia.com\/index.php\/alquilerdeinmuebles\/"},"wordCount":262,"publisher":{"@id":"https:\/\/inmobiliariacasafamilia.com\/#organization"},"inLanguage":"es"},{"@type":["WebPage","ItemPage"],"@id":"https:\/\/inmobiliariacasafamilia.com\/index.php\/alquilerdeinmuebles\/","url":"https:\/\/inmobiliariacasafamilia.com\/index.php\/alquilerdeinmuebles\/","name":"Alquiler - Inmobiliaria Casa Familia","isPartOf":{"@id":"https:\/\/inmobiliariacasafamilia.com\/#website"},"datePublished":"2023-10-05T09:08:07+00:00","dateModified":"2024-11-24T03:25:03+00:00","description":"VALORACI\u00d3N DE INMUEBLES EN VENTA, ALQUILER, PISOS, CHALETS, APARTAMENTOS, CASAS, TERRENOS, PLAZAS DE GARAJES","breadcrumb":{"@id":"https:\/\/inmobiliariacasafamilia.com\/index.php\/alquilerdeinmuebles\/#breadcrumb"},"inLanguage":"es","potentialAction":[{"@type":"ReadAction","target":["https:\/\/inmobiliariacasafamilia.com\/index.php\/alquilerdeinmuebles\/"]}]},{"@type":"BreadcrumbList","@id":"https:\/\/inmobiliariacasafamilia.com\/index.php\/alquilerdeinmuebles\/#breadcrumb","itemListElement":[{"@type":"ListItem","position":1,"name":"Portada","item":"https:\/\/inmobiliariacasafamilia.com\/"},{"@type":"ListItem","position":2,"name":"Alquiler"}]},{"@type":"WebSite","@id":"https:\/\/inmobiliariacasafamilia.com\/#website","url":"https:\/\/inmobiliariacasafamilia.com\/","name":"Inmobiliaria Casa Familia","description":"","publisher":{"@id":"https:\/\/inmobiliariacasafamilia.com\/#organization"},"potentialAction":[{"@type":"SearchAction","target":{"@type":"EntryPoint","urlTemplate":"https:\/\/inmobiliariacasafamilia.com\/?s={search_term_string}"},"query-input":"required name=search_term_string"}],"inLanguage":"es"},{"@type":"Organization","@id":"https:\/\/inmobiliariacasafamilia.com\/#organization","name":"Inmobiliaria Casa Familia","url":"https:\/\/inmobiliariacasafamilia.com\/","logo":{"@type":"ImageObject","inLanguage":"es","@id":"https:\/\/inmobiliariacasafamilia.com\/#\/schema\/logo\/image\/","url":"https:\/\/inmobiliariacasafamilia.com\/wp-content\/uploads\/2020\/02\/montaje-cinta-fachada-WEB.png","contentUrl":"https:\/\/inmobiliariacasafamilia.com\/wp-content\/uploads\/2020\/02\/montaje-cinta-fachada-WEB.png","width":400,"height":102,"caption":"Inmobiliaria Casa Familia "},"image":{"@id":"https:\/\/inmobiliariacasafamilia.com\/#\/schema\/logo\/image\/"}},{"@type":"Person","@id":"https:\/\/inmobiliariacasafamilia.com\/#\/schema\/person\/40add41b4adae2379a3d9813c05fdf33","name":"administrador","image":{"@type":"ImageObject","inLanguage":"es","@id":"https:\/\/inmobiliariacasafamilia.com\/#\/schema\/person\/image\/","url":"https:\/\/secure.gravatar.com\/avatar\/599cbca6d701ac3bc95aaad1d6ce82036ebe8cfe44e10f54289e43d19077eb08?s=96&d=mm&r=g","contentUrl":"https:\/\/secure.gravatar.com\/avatar\/599cbca6d701ac3bc95aaad1d6ce82036ebe8cfe44e10f54289e43d19077eb08?s=96&d=mm&r=g","caption":"administrador"},"sameAs":["https:\/\/inmobiliariacasafamilia.com"],"url":"https:\/\/inmobiliariacasafamilia.com\/index.php\/author\/administrador\/"}]}},"_links":{"self":[{"href":"https:\/\/inmobiliariacasafamilia.com\/index.php\/wp-json\/wp\/v2\/pages\/5363","targetHints":{"allow":["GET"]}}],"collection":[{"href":"https:\/\/inmobiliariacasafamilia.com\/index.php\/wp-json\/wp\/v2\/pages"}],"about":[{"href":"https:\/\/inmobiliariacasafamilia.com\/index.php\/wp-json\/wp\/v2\/types\/page"}],"author":[{"embeddable":true,"href":"https:\/\/inmobiliariacasafamilia.com\/index.php\/wp-json\/wp\/v2\/users\/1"}],"replies":[{"embeddable":true,"href":"https:\/\/inmobiliariacasafamilia.com\/index.php\/wp-json\/wp\/v2\/comments?post=5363"}],"version-history":[{"count":32,"href":"https:\/\/inmobiliariacasafamilia.com\/index.php\/wp-json\/wp\/v2\/pages\/5363\/revisions"}],"predecessor-version":[{"id":8158,"href":"https:\/\/inmobiliariacasafamilia.com\/index.php\/wp-json\/wp\/v2\/pages\/5363\/revisions\/8158"}],"wp:featuredmedia":[{"embeddable":true,"href":"https:\/\/inmobiliariacasafamilia.com\/index.php\/wp-json\/wp\/v2\/media\/5029"}],"wp:attachment":[{"href":"https:\/\/inmobiliariacasafamilia.com\/index.php\/wp-json\/wp\/v2\/media?parent=5363"}],"curies":[{"name":"wp","href":"https:\/\/api.w.org\/{rel}","templated":true}]}}