{"id":5408,"date":"2023-10-05T13:55:18","date_gmt":"2023-10-05T11:55:18","guid":{"rendered":"https:\/\/inmobiliariacasafamilia.com\/?page_id=5408"},"modified":"2024-10-27T12:38:57","modified_gmt":"2024-10-27T11:38:57","slug":"ventadeinmueble","status":"publish","type":"page","link":"https:\/\/inmobiliariacasafamilia.com\/index.php\/ventadeinmueble\/","title":{"rendered":"Venta"},"content":{"rendered":"\t\t<div data-elementor-type=\"wp-page\" data-elementor-id=\"5408\" class=\"elementor elementor-5408\" data-elementor-post-type=\"page\">\n\t\t\t\t<div class=\"elementor-element elementor-element-e0070d8 e-flex e-con-boxed e-con e-parent\" data-id=\"e0070d8\" data-element_type=\"container\">\n\t\t\t\t\t<div class=\"e-con-inner\">\n\t\t\t\t<div class=\"elementor-element elementor-element-5d6d899 elementor-widget elementor-widget-heading\" data-id=\"5d6d899\" data-element_type=\"widget\" data-widget_type=\"heading.default\">\n\t\t\t\t<div class=\"elementor-widget-container\">\n\t\t\t\t\t<h2 class=\"elementor-heading-title elementor-size-default\">\u00bfQUIERES VENDER TU INMUEBLE?\n\n\n<\/h2>\t\t\t\t<\/div>\n\t\t\t\t<\/div>\n\t\t\t\t<div class=\"elementor-element elementor-element-6af8bc4 elementor-widget elementor-widget-text-editor\" data-id=\"6af8bc4\" data-element_type=\"widget\" data-widget_type=\"text-editor.default\">\n\t\t\t\t<div class=\"elementor-widget-container\">\n\t\t\t\t\t\t\t\t\t<p><span style=\"color: var(--rh-global-color-text); letter-spacing: -0.8px;\">\u00bfQuieres vender tu piso? Sabemos que tomar esta decisi\u00f3n no es nada sencillo. Es un proceso que demanda tiempo, esfuerzo y conocimiento especializado. En Inmobiliaria Casa Familia entendemos la complejidad que implica la venta de un inmueble y estamos aqu\u00ed para guiarte en cada paso del camino.<\/span><\/p>\n<p><span style=\"font-weight: 400;\"><\/span><\/p>\n<p><\/p>\n<p><span style=\"font-weight: 400;\">Contar con profesionales experimentados marca la diferencia. Nuestro equipo est\u00e1 compuesto por expertos en el mercado inmobiliario, con un profundo entendimiento de c\u00f3mo llevar a cabo este proceso de manera efectiva y exitosa. Desde la valoraci\u00f3n inicial hasta la firma del contrato, te brindamos el apoyo que necesitas.<\/span><\/p>\n<p><span style=\"font-weight: 400;\"><\/span><\/p>\n<p><\/p>\n<p><span style=\"font-weight: 400;\">En el coraz\u00f3n de nuestro barrio, somos reconocidos como la elecci\u00f3n favorita. La confianza de nuestra comunidad respalda nuestro compromiso con la excelencia y la satisfacci\u00f3n del cliente. No solo conocemos el mercado, sino que tambi\u00e9n entendemos las particularidades y necesidades.<\/span><\/p>\n<p><span style=\"font-weight: 400;\"><\/span><\/p>\n<p><\/p>\n<p><span style=\"font-weight: 400;\">No te arriesgues en este importante paso. Escoge Inmobiliaria Casa Familia y aseg\u00farate de contar con el respaldo de verdaderos profesionales. Cont\u00e1ctanos hoy mismo y d\u00e9janos hacer que la venta de tu piso sea una experiencia gratificante y exitosa.<\/span><\/p>\n<p><span style=\"font-weight: 400;\"><\/span><\/p>\n<p><\/p>\n<p><br><\/p>\t\t\t\t\t\t\t\t<\/div>\n\t\t\t\t<\/div>\n\t\t\t\t<div class=\"elementor-element elementor-element-c8e7acc elementor-widget elementor-widget-spacer\" data-id=\"c8e7acc\" data-element_type=\"widget\" data-widget_type=\"spacer.default\">\n\t\t\t\t<div class=\"elementor-widget-container\">\n\t\t\t\t\t\t\t<div class=\"elementor-spacer\">\n\t\t\t<div class=\"elementor-spacer-inner\"><\/div>\n\t\t<\/div>\n\t\t\t\t\t\t<\/div>\n\t\t\t\t<\/div>\n\t\t\t\t\t<\/div>\n\t\t\t\t<\/div>\n\t\t<div class=\"elementor-element elementor-element-19dc95c e-flex e-con-boxed elementor-invisible e-con e-parent\" data-id=\"19dc95c\" data-element_type=\"container\" data-settings=\"{&quot;animation&quot;:&quot;fadeInDown&quot;}\">\n\t\t\t\t\t<div class=\"e-con-inner\">\n\t\t<div class=\"elementor-element elementor-element-23dd198 e-con-full e-flex e-con e-child\" data-id=\"23dd198\" data-element_type=\"container\">\n\t\t\t\t<div class=\"elementor-element elementor-element-f547701 elementor-widget elementor-widget-image\" data-id=\"f547701\" data-element_type=\"widget\" data-widget_type=\"image.default\">\n\t\t\t\t<div class=\"elementor-widget-container\">\n\t\t\t\t\t\t\t\t\t\t\t\t\t\t\t<img decoding=\"async\" width=\"150\" height=\"150\" src=\"https:\/\/inmobiliariacasafamilia.com\/wp-content\/uploads\/2023\/10\/IDEALISTA-150x150.png\" class=\"attachment-thumbnail size-thumbnail wp-image-5369\" alt=\"\" srcset=\"https:\/\/inmobiliariacasafamilia.com\/wp-content\/uploads\/2023\/10\/IDEALISTA-150x150.png 150w, https:\/\/inmobiliariacasafamilia.com\/wp-content\/uploads\/2023\/10\/IDEALISTA-210x210.png 210w\" sizes=\"(max-width: 150px) 100vw, 150px\" \/>\t\t\t\t\t\t\t\t\t\t\t\t\t\t\t<\/div>\n\t\t\t\t<\/div>\n\t\t\t\t<\/div>\n\t\t<div class=\"elementor-element elementor-element-21dd2a3 e-con-full e-flex e-con e-child\" data-id=\"21dd2a3\" data-element_type=\"container\">\n\t\t\t\t<div class=\"elementor-element elementor-element-b425e99 elementor-widget elementor-widget-image\" data-id=\"b425e99\" data-element_type=\"widget\" data-widget_type=\"image.default\">\n\t\t\t\t<div class=\"elementor-widget-container\">\n\t\t\t\t\t\t\t\t\t\t\t\t\t\t\t<img decoding=\"async\" width=\"150\" height=\"150\" src=\"https:\/\/inmobiliariacasafamilia.com\/wp-content\/uploads\/2023\/10\/FOTOCASA-150x150.jpeg\" class=\"attachment-thumbnail size-thumbnail wp-image-5368\" alt=\"\" srcset=\"https:\/\/inmobiliariacasafamilia.com\/wp-content\/uploads\/2023\/10\/FOTOCASA-150x150.jpeg 150w, https:\/\/inmobiliariacasafamilia.com\/wp-content\/uploads\/2023\/10\/FOTOCASA-210x210.jpeg 210w\" sizes=\"(max-width: 150px) 100vw, 150px\" \/>\t\t\t\t\t\t\t\t\t\t\t\t\t\t\t<\/div>\n\t\t\t\t<\/div>\n\t\t\t\t<\/div>\n\t\t<div class=\"elementor-element elementor-element-9192b61 e-con-full e-flex e-con e-child\" data-id=\"9192b61\" data-element_type=\"container\">\n\t\t\t\t<div class=\"elementor-element elementor-element-48c17c0 elementor-widget elementor-widget-image\" data-id=\"48c17c0\" data-element_type=\"widget\" data-widget_type=\"image.default\">\n\t\t\t\t<div class=\"elementor-widget-container\">\n\t\t\t\t\t\t\t\t\t\t\t\t\t\t\t<img fetchpriority=\"high\" decoding=\"async\" width=\"250\" height=\"202\" src=\"https:\/\/inmobiliariacasafamilia.com\/wp-content\/uploads\/2023\/10\/HABITACLIA.jpg\" class=\"attachment-large size-large wp-image-5367\" alt=\"\" srcset=\"https:\/\/inmobiliariacasafamilia.com\/wp-content\/uploads\/2023\/10\/HABITACLIA.jpg 250w, https:\/\/inmobiliariacasafamilia.com\/wp-content\/uploads\/2023\/10\/HABITACLIA-150x121.jpg 150w\" sizes=\"(max-width: 250px) 100vw, 250px\" \/>\t\t\t\t\t\t\t\t\t\t\t\t\t\t\t<\/div>\n\t\t\t\t<\/div>\n\t\t\t\t<\/div>\n\t\t<div class=\"elementor-element elementor-element-9995a25 e-con-full e-flex e-con e-child\" data-id=\"9995a25\" data-element_type=\"container\">\n\t\t\t\t<div class=\"elementor-element elementor-element-b721079 elementor-widget elementor-widget-image\" data-id=\"b721079\" data-element_type=\"widget\" data-widget_type=\"image.default\">\n\t\t\t\t<div class=\"elementor-widget-container\">\n\t\t\t\t\t\t\t\t\t\t\t\t\t\t\t<img loading=\"lazy\" decoding=\"async\" width=\"150\" height=\"150\" src=\"https:\/\/inmobiliariacasafamilia.com\/wp-content\/uploads\/2023\/10\/MIL-ANUNCIO-150x150.png\" class=\"attachment-thumbnail size-thumbnail wp-image-5366\" alt=\"\" srcset=\"https:\/\/inmobiliariacasafamilia.com\/wp-content\/uploads\/2023\/10\/MIL-ANUNCIO-150x150.png 150w, https:\/\/inmobiliariacasafamilia.com\/wp-content\/uploads\/2023\/10\/MIL-ANUNCIO-300x300.png 300w, https:\/\/inmobiliariacasafamilia.com\/wp-content\/uploads\/2023\/10\/MIL-ANUNCIO-768x768.png 768w, https:\/\/inmobiliariacasafamilia.com\/wp-content\/uploads\/2023\/10\/MIL-ANUNCIO-210x210.png 210w, https:\/\/inmobiliariacasafamilia.com\/wp-content\/uploads\/2023\/10\/MIL-ANUNCIO.png 1000w\" sizes=\"(max-width: 150px) 100vw, 150px\" \/>\t\t\t\t\t\t\t\t\t\t\t\t\t\t\t<\/div>\n\t\t\t\t<\/div>\n\t\t\t\t<\/div>\n\t\t<div class=\"elementor-element elementor-element-4566eae e-con-full e-flex e-con e-child\" data-id=\"4566eae\" data-element_type=\"container\">\n\t\t\t\t<div class=\"elementor-element elementor-element-d286acf elementor-widget elementor-widget-image\" data-id=\"d286acf\" data-element_type=\"widget\" data-widget_type=\"image.default\">\n\t\t\t\t<div class=\"elementor-widget-container\">\n\t\t\t\t\t\t\t\t\t\t\t\t\t\t\t<img loading=\"lazy\" decoding=\"async\" width=\"150\" height=\"150\" src=\"https:\/\/inmobiliariacasafamilia.com\/wp-content\/uploads\/2023\/10\/images-150x150.jpg\" class=\"attachment-thumbnail size-thumbnail wp-image-5634\" alt=\"\" \/>\t\t\t\t\t\t\t\t\t\t\t\t\t\t\t<\/div>\n\t\t\t\t<\/div>\n\t\t\t\t<\/div>\n\t\t\t\t\t<\/div>\n\t\t\t\t<\/div>\n\t\t\t\t<\/div>\n\t\t","protected":false},"excerpt":{"rendered":"<p>\u00bfQUIERES VENDER TU INMUEBLE? \u00bfQuieres vender tu piso? Sabemos que tomar esta decisi\u00f3n no es nada sencillo. Es un proceso que demanda tiempo, esfuerzo y conocimiento especializado. En Inmobiliaria Casa Familia entendemos la complejidad que implica la venta de un inmueble y estamos aqu\u00ed para guiarte en cada paso del camino. Contar con profesionales experimentados&#8230;<\/p>\n","protected":false},"author":1,"featured_media":5029,"parent":0,"menu_order":2,"comment_status":"closed","ping_status":"closed","template":"","meta":{"footnotes":""},"class_list":["post-5408","page","type-page","status-publish","has-post-thumbnail","hentry"],"yoast_head":"<!-- This site is optimized with the Yoast SEO Premium plugin v20.0 (Yoast SEO v21.3) - https:\/\/yoast.com\/wordpress\/plugins\/seo\/ -->\n<title>Venta - Inmobiliaria Casa Familia<\/title>\n<meta name=\"description\" content=\"VALORACI\u00d3N DE INMUEBLES EN VENTA, ALQUILER, PISOS, CHALETS, APARTAMENTOS, CASAS, TERRENOS, PLAZAS DE GARAJES\" \/>\n<meta name=\"robots\" content=\"index, follow, max-snippet:-1, max-image-preview:large, max-video-preview:-1\" \/>\n<link rel=\"canonical\" href=\"https:\/\/inmobiliariacasafamilia.com\/index.php\/ventadeinmueble\/\" \/>\n<meta property=\"og:locale\" content=\"es_ES\" \/>\n<meta property=\"og:type\" content=\"article\" \/>\n<meta property=\"og:title\" content=\"Venta\" \/>\n<meta property=\"og:description\" content=\"VALORACI\u00d3N DE INMUEBLES EN VENTA, ALQUILER, PISOS, CHALETS, APARTAMENTOS, CASAS, TERRENOS, PLAZAS DE GARAJES\" \/>\n<meta property=\"og:url\" content=\"https:\/\/inmobiliariacasafamilia.com\/index.php\/ventadeinmueble\/\" \/>\n<meta property=\"og:site_name\" content=\"Inmobiliaria Casa Familia\" \/>\n<meta property=\"article:modified_time\" content=\"2024-10-27T11:38:57+00:00\" \/>\n<meta property=\"og:image\" content=\"https:\/\/inmobiliariacasafamilia.com\/wp-content\/uploads\/2023\/10\/arriba-pareja-contrato-hipoteca-scaled.jpg\" \/>\n\t<meta property=\"og:image:width\" content=\"2560\" \/>\n\t<meta property=\"og:image:height\" content=\"1709\" \/>\n\t<meta property=\"og:image:type\" content=\"image\/jpeg\" \/>\n<meta name=\"twitter:card\" content=\"summary_large_image\" \/>\n<meta name=\"twitter:label1\" content=\"Tiempo de lectura\" \/>\n\t<meta name=\"twitter:data1\" content=\"2 minutos\" \/>\n<script type=\"application\/ld+json\" class=\"yoast-schema-graph\">{\"@context\":\"https:\/\/schema.org\",\"@graph\":[{\"@type\":\"Article\",\"@id\":\"https:\/\/inmobiliariacasafamilia.com\/index.php\/ventadeinmueble\/#article\",\"isPartOf\":{\"@id\":\"https:\/\/inmobiliariacasafamilia.com\/index.php\/ventadeinmueble\/\"},\"author\":{\"name\":\"administrador\",\"@id\":\"https:\/\/inmobiliariacasafamilia.com\/#\/schema\/person\/40add41b4adae2379a3d9813c05fdf33\"},\"headline\":\"Venta\",\"datePublished\":\"2023-10-05T11:55:18+00:00\",\"dateModified\":\"2024-10-27T11:38:57+00:00\",\"mainEntityOfPage\":{\"@id\":\"https:\/\/inmobiliariacasafamilia.com\/index.php\/ventadeinmueble\/\"},\"wordCount\":234,\"publisher\":{\"@id\":\"https:\/\/inmobiliariacasafamilia.com\/#organization\"},\"inLanguage\":\"es\"},{\"@type\":[\"WebPage\",\"ItemPage\"],\"@id\":\"https:\/\/inmobiliariacasafamilia.com\/index.php\/ventadeinmueble\/\",\"url\":\"https:\/\/inmobiliariacasafamilia.com\/index.php\/ventadeinmueble\/\",\"name\":\"Venta - Inmobiliaria Casa Familia\",\"isPartOf\":{\"@id\":\"https:\/\/inmobiliariacasafamilia.com\/#website\"},\"datePublished\":\"2023-10-05T11:55:18+00:00\",\"dateModified\":\"2024-10-27T11:38:57+00:00\",\"description\":\"VALORACI\u00d3N DE INMUEBLES EN VENTA, ALQUILER, PISOS, CHALETS, APARTAMENTOS, CASAS, TERRENOS, PLAZAS DE GARAJES\",\"breadcrumb\":{\"@id\":\"https:\/\/inmobiliariacasafamilia.com\/index.php\/ventadeinmueble\/#breadcrumb\"},\"inLanguage\":\"es\",\"potentialAction\":[{\"@type\":\"ReadAction\",\"target\":[\"https:\/\/inmobiliariacasafamilia.com\/index.php\/ventadeinmueble\/\"]}]},{\"@type\":\"BreadcrumbList\",\"@id\":\"https:\/\/inmobiliariacasafamilia.com\/index.php\/ventadeinmueble\/#breadcrumb\",\"itemListElement\":[{\"@type\":\"ListItem\",\"position\":1,\"name\":\"Portada\",\"item\":\"https:\/\/inmobiliariacasafamilia.com\/\"},{\"@type\":\"ListItem\",\"position\":2,\"name\":\"Venta\"}]},{\"@type\":\"WebSite\",\"@id\":\"https:\/\/inmobiliariacasafamilia.com\/#website\",\"url\":\"https:\/\/inmobiliariacasafamilia.com\/\",\"name\":\"Inmobiliaria Casa Familia\",\"description\":\"\",\"publisher\":{\"@id\":\"https:\/\/inmobiliariacasafamilia.com\/#organization\"},\"potentialAction\":[{\"@type\":\"SearchAction\",\"target\":{\"@type\":\"EntryPoint\",\"urlTemplate\":\"https:\/\/inmobiliariacasafamilia.com\/?s={search_term_string}\"},\"query-input\":\"required name=search_term_string\"}],\"inLanguage\":\"es\"},{\"@type\":\"Organization\",\"@id\":\"https:\/\/inmobiliariacasafamilia.com\/#organization\",\"name\":\"Inmobiliaria Casa Familia\",\"url\":\"https:\/\/inmobiliariacasafamilia.com\/\",\"logo\":{\"@type\":\"ImageObject\",\"inLanguage\":\"es\",\"@id\":\"https:\/\/inmobiliariacasafamilia.com\/#\/schema\/logo\/image\/\",\"url\":\"https:\/\/inmobiliariacasafamilia.com\/wp-content\/uploads\/2020\/02\/montaje-cinta-fachada-WEB.png\",\"contentUrl\":\"https:\/\/inmobiliariacasafamilia.com\/wp-content\/uploads\/2020\/02\/montaje-cinta-fachada-WEB.png\",\"width\":400,\"height\":102,\"caption\":\"Inmobiliaria Casa Familia \"},\"image\":{\"@id\":\"https:\/\/inmobiliariacasafamilia.com\/#\/schema\/logo\/image\/\"}},{\"@type\":\"Person\",\"@id\":\"https:\/\/inmobiliariacasafamilia.com\/#\/schema\/person\/40add41b4adae2379a3d9813c05fdf33\",\"name\":\"administrador\",\"image\":{\"@type\":\"ImageObject\",\"inLanguage\":\"es\",\"@id\":\"https:\/\/inmobiliariacasafamilia.com\/#\/schema\/person\/image\/\",\"url\":\"https:\/\/secure.gravatar.com\/avatar\/599cbca6d701ac3bc95aaad1d6ce82036ebe8cfe44e10f54289e43d19077eb08?s=96&d=mm&r=g\",\"contentUrl\":\"https:\/\/secure.gravatar.com\/avatar\/599cbca6d701ac3bc95aaad1d6ce82036ebe8cfe44e10f54289e43d19077eb08?s=96&d=mm&r=g\",\"caption\":\"administrador\"},\"sameAs\":[\"https:\/\/inmobiliariacasafamilia.com\"],\"url\":\"https:\/\/inmobiliariacasafamilia.com\/index.php\/author\/administrador\/\"}]}<\/script>\n<!-- \/ Yoast SEO Premium plugin. -->","yoast_head_json":{"title":"Venta - Inmobiliaria Casa Familia","description":"VALORACI\u00d3N DE INMUEBLES EN VENTA, ALQUILER, PISOS, CHALETS, APARTAMENTOS, CASAS, TERRENOS, PLAZAS DE GARAJES","robots":{"index":"index","follow":"follow","max-snippet":"max-snippet:-1","max-image-preview":"max-image-preview:large","max-video-preview":"max-video-preview:-1"},"canonical":"https:\/\/inmobiliariacasafamilia.com\/index.php\/ventadeinmueble\/","og_locale":"es_ES","og_type":"article","og_title":"Venta","og_description":"VALORACI\u00d3N DE INMUEBLES EN VENTA, ALQUILER, PISOS, CHALETS, APARTAMENTOS, CASAS, TERRENOS, PLAZAS DE GARAJES","og_url":"https:\/\/inmobiliariacasafamilia.com\/index.php\/ventadeinmueble\/","og_site_name":"Inmobiliaria Casa Familia","article_modified_time":"2024-10-27T11:38:57+00:00","og_image":[{"width":2560,"height":1709,"url":"https:\/\/inmobiliariacasafamilia.com\/wp-content\/uploads\/2023\/10\/arriba-pareja-contrato-hipoteca-scaled.jpg","type":"image\/jpeg"}],"twitter_card":"summary_large_image","twitter_misc":{"Tiempo de lectura":"2 minutos"},"schema":{"@context":"https:\/\/schema.org","@graph":[{"@type":"Article","@id":"https:\/\/inmobiliariacasafamilia.com\/index.php\/ventadeinmueble\/#article","isPartOf":{"@id":"https:\/\/inmobiliariacasafamilia.com\/index.php\/ventadeinmueble\/"},"author":{"name":"administrador","@id":"https:\/\/inmobiliariacasafamilia.com\/#\/schema\/person\/40add41b4adae2379a3d9813c05fdf33"},"headline":"Venta","datePublished":"2023-10-05T11:55:18+00:00","dateModified":"2024-10-27T11:38:57+00:00","mainEntityOfPage":{"@id":"https:\/\/inmobiliariacasafamilia.com\/index.php\/ventadeinmueble\/"},"wordCount":234,"publisher":{"@id":"https:\/\/inmobiliariacasafamilia.com\/#organization"},"inLanguage":"es"},{"@type":["WebPage","ItemPage"],"@id":"https:\/\/inmobiliariacasafamilia.com\/index.php\/ventadeinmueble\/","url":"https:\/\/inmobiliariacasafamilia.com\/index.php\/ventadeinmueble\/","name":"Venta - Inmobiliaria Casa Familia","isPartOf":{"@id":"https:\/\/inmobiliariacasafamilia.com\/#website"},"datePublished":"2023-10-05T11:55:18+00:00","dateModified":"2024-10-27T11:38:57+00:00","description":"VALORACI\u00d3N DE INMUEBLES EN VENTA, ALQUILER, PISOS, CHALETS, APARTAMENTOS, CASAS, TERRENOS, PLAZAS DE GARAJES","breadcrumb":{"@id":"https:\/\/inmobiliariacasafamilia.com\/index.php\/ventadeinmueble\/#breadcrumb"},"inLanguage":"es","potentialAction":[{"@type":"ReadAction","target":["https:\/\/inmobiliariacasafamilia.com\/index.php\/ventadeinmueble\/"]}]},{"@type":"BreadcrumbList","@id":"https:\/\/inmobiliariacasafamilia.com\/index.php\/ventadeinmueble\/#breadcrumb","itemListElement":[{"@type":"ListItem","position":1,"name":"Portada","item":"https:\/\/inmobiliariacasafamilia.com\/"},{"@type":"ListItem","position":2,"name":"Venta"}]},{"@type":"WebSite","@id":"https:\/\/inmobiliariacasafamilia.com\/#website","url":"https:\/\/inmobiliariacasafamilia.com\/","name":"Inmobiliaria Casa Familia","description":"","publisher":{"@id":"https:\/\/inmobiliariacasafamilia.com\/#organization"},"potentialAction":[{"@type":"SearchAction","target":{"@type":"EntryPoint","urlTemplate":"https:\/\/inmobiliariacasafamilia.com\/?s={search_term_string}"},"query-input":"required name=search_term_string"}],"inLanguage":"es"},{"@type":"Organization","@id":"https:\/\/inmobiliariacasafamilia.com\/#organization","name":"Inmobiliaria Casa Familia","url":"https:\/\/inmobiliariacasafamilia.com\/","logo":{"@type":"ImageObject","inLanguage":"es","@id":"https:\/\/inmobiliariacasafamilia.com\/#\/schema\/logo\/image\/","url":"https:\/\/inmobiliariacasafamilia.com\/wp-content\/uploads\/2020\/02\/montaje-cinta-fachada-WEB.png","contentUrl":"https:\/\/inmobiliariacasafamilia.com\/wp-content\/uploads\/2020\/02\/montaje-cinta-fachada-WEB.png","width":400,"height":102,"caption":"Inmobiliaria Casa Familia "},"image":{"@id":"https:\/\/inmobiliariacasafamilia.com\/#\/schema\/logo\/image\/"}},{"@type":"Person","@id":"https:\/\/inmobiliariacasafamilia.com\/#\/schema\/person\/40add41b4adae2379a3d9813c05fdf33","name":"administrador","image":{"@type":"ImageObject","inLanguage":"es","@id":"https:\/\/inmobiliariacasafamilia.com\/#\/schema\/person\/image\/","url":"https:\/\/secure.gravatar.com\/avatar\/599cbca6d701ac3bc95aaad1d6ce82036ebe8cfe44e10f54289e43d19077eb08?s=96&d=mm&r=g","contentUrl":"https:\/\/secure.gravatar.com\/avatar\/599cbca6d701ac3bc95aaad1d6ce82036ebe8cfe44e10f54289e43d19077eb08?s=96&d=mm&r=g","caption":"administrador"},"sameAs":["https:\/\/inmobiliariacasafamilia.com"],"url":"https:\/\/inmobiliariacasafamilia.com\/index.php\/author\/administrador\/"}]}},"_links":{"self":[{"href":"https:\/\/inmobiliariacasafamilia.com\/index.php\/wp-json\/wp\/v2\/pages\/5408","targetHints":{"allow":["GET"]}}],"collection":[{"href":"https:\/\/inmobiliariacasafamilia.com\/index.php\/wp-json\/wp\/v2\/pages"}],"about":[{"href":"https:\/\/inmobiliariacasafamilia.com\/index.php\/wp-json\/wp\/v2\/types\/page"}],"author":[{"embeddable":true,"href":"https:\/\/inmobiliariacasafamilia.com\/index.php\/wp-json\/wp\/v2\/users\/1"}],"replies":[{"embeddable":true,"href":"https:\/\/inmobiliariacasafamilia.com\/index.php\/wp-json\/wp\/v2\/comments?post=5408"}],"version-history":[{"count":8,"href":"https:\/\/inmobiliariacasafamilia.com\/index.php\/wp-json\/wp\/v2\/pages\/5408\/revisions"}],"predecessor-version":[{"id":7877,"href":"https:\/\/inmobiliariacasafamilia.com\/index.php\/wp-json\/wp\/v2\/pages\/5408\/revisions\/7877"}],"wp:featuredmedia":[{"embeddable":true,"href":"https:\/\/inmobiliariacasafamilia.com\/index.php\/wp-json\/wp\/v2\/media\/5029"}],"wp:attachment":[{"href":"https:\/\/inmobiliariacasafamilia.com\/index.php\/wp-json\/wp\/v2\/media?parent=5408"}],"curies":[{"name":"wp","href":"https:\/\/api.w.org\/{rel}","templated":true}]}}