{"id":5415,"date":"2023-10-05T14:15:29","date_gmt":"2023-10-05T12:15:29","guid":{"rendered":"https:\/\/inmobiliariacasafamilia.com\/?page_id=5415"},"modified":"2023-10-23T11:32:12","modified_gmt":"2023-10-23T09:32:12","slug":"departamentofinanciero","status":"publish","type":"page","link":"https:\/\/inmobiliariacasafamilia.com\/index.php\/departamentofinanciero\/","title":{"rendered":"Financiaci\u00f3n"},"content":{"rendered":"\t\t<div data-elementor-type=\"wp-page\" data-elementor-id=\"5415\" class=\"elementor elementor-5415\" data-elementor-post-type=\"page\">\n\t\t\t\t<div class=\"elementor-element elementor-element-72b9ece e-flex e-con-boxed e-con e-parent\" data-id=\"72b9ece\" data-element_type=\"container\">\n\t\t\t\t\t<div class=\"e-con-inner\">\n\t\t\t\t<div class=\"elementor-element elementor-element-0c2ca68 elementor-widget elementor-widget-text-editor\" data-id=\"0c2ca68\" data-element_type=\"widget\" data-widget_type=\"text-editor.default\">\n\t\t\t\t<div class=\"elementor-widget-container\">\n\t\t\t\t\t\t\t\t\t<p><span style=\"font-weight: 400;\"><span style=\"vertical-align: inherit;\"><span style=\"vertical-align: inherit;\">El <\/span><\/span><strong><span style=\"vertical-align: inherit;\"><span style=\"vertical-align: inherit;\">asesoramiento financiero<\/span><\/span><\/strong><span style=\"vertical-align: inherit;\"><span style=\"vertical-align: inherit;\"> juega un papel crucial en cualquier proceso relacionado con bienes ra\u00edces. Ya sea para comprar, vender o alquilar una propiedad, contar con un equipo de expertos financieros es esencial. Este servicio brinda una visi\u00f3n clara y precisa de la situaci\u00f3n econ\u00f3mica, ayudando a tomar decisiones informadas y acertadas.<\/span><\/span><\/span><\/p><p><span style=\"font-weight: 400;\"><span style=\"vertical-align: inherit;\"><span style=\"vertical-align: inherit;\">En Inmobiliaria Casa Familia entendemos la importancia del asesoramiento financiero en el mundo inmobiliario. Es por eso que colaboramos con un equipo de asesores financieros altamente capacitados. Nuestros expertos est\u00e1n dedicados a facilitar hipotecas al 100% de financiaci\u00f3n, una oportunidad que puede resultar dif\u00edcil de obtener de forma particular.<\/span><\/span><\/span><\/p><p><span style=\"font-weight: 400;\"><span style=\"vertical-align: inherit;\"><span style=\"vertical-align: inherit;\">Esta ventaja marca la diferencia. Nos enorgullecemos de abrir puertas y simplificar el proceso para nuestros clientes. La posibilidad de acceder al 100% de financiaci\u00f3n abre un abanico de oportunidades para concretar tus objetivos inmobiliarios.<\/span><\/span><\/span><\/p><p><span style=\"font-weight: 400;\"><span style=\"vertical-align: inherit;\"><span style=\"vertical-align: inherit;\">No subestimes el valor del asesoramiento financiero en tus decisiones inmobiliarias. Con Inmobiliaria Casa Familia, no solo obtienes un servicio de calidad, sino tambi\u00e9n la tranquilidad de saber que cuentas con un equipo de profesionales que velan por tus intereses.<\/span><\/span><\/span><\/p><p><span style=\"font-weight: 400;\"><span style=\"vertical-align: inherit;\"><span style=\"vertical-align: inherit;\">Conf\u00eda en nosotros para guiar tus pasos en el complejo mundo financiero y hacer de tu experiencia inmobiliaria un \u00e9xito asegurado. Cont\u00e1ctanos hoy mismo y descubre c\u00f3mo podemos ayudarte a alcanzar tus metas.<\/span><\/span><\/span><\/p>\t\t\t\t\t\t\t\t<\/div>\n\t\t\t\t<\/div>\n\t\t\t\t\t<\/div>\n\t\t\t\t<\/div>\n\t\t<div class=\"elementor-element elementor-element-a7154cc e-flex e-con-boxed e-con e-parent\" data-id=\"a7154cc\" data-element_type=\"container\">\n\t\t\t\t\t<div class=\"e-con-inner\">\n\t\t\t\t<div class=\"elementor-element elementor-element-7e30961 elementor-widget elementor-widget-heading\" data-id=\"7e30961\" data-element_type=\"widget\" data-widget_type=\"heading.default\">\n\t\t\t\t<div class=\"elementor-widget-container\">\n\t\t\t\t\t<h3 class=\"elementor-heading-title elementor-size-default\">\u00bfQUIERES UN ASESORAMIENTO FINANCIERO?\n<\/h3>\t\t\t\t<\/div>\n\t\t\t\t<\/div>\n\t\t\t\t<div class=\"elementor-element elementor-element-32e5b03 elementor-widget elementor-widget-text-editor\" data-id=\"32e5b03\" data-element_type=\"widget\" data-widget_type=\"text-editor.default\">\n\t\t\t\t<div class=\"elementor-widget-container\">\n\t\t\t\t\t\t\t\t\t<p style=\"text-align: center;\">en el siguiente formulario ingresa tus datos y contact\u00e1remos contigo<\/p>\t\t\t\t\t\t\t\t<\/div>\n\t\t\t\t<\/div>\n\t\t\t\t\t<\/div>\n\t\t\t\t<\/div>\n\t\t<div class=\"elementor-element elementor-element-d87259f e-flex e-con-boxed e-con e-parent\" data-id=\"d87259f\" data-element_type=\"container\">\n\t\t\t\t\t<div class=\"e-con-inner\">\n\t\t\t\t\t<\/div>\n\t\t\t\t<\/div>\n\t\t\t\t<\/div>\n\t\t","protected":false},"excerpt":{"rendered":"<p>El asesoramiento financiero juega un papel crucial en cualquier proceso relacionado con bienes ra\u00edces. Ya sea para comprar, vender o alquilar una propiedad, contar con un equipo de expertos financieros es esencial. Este servicio brinda una visi\u00f3n clara y precisa de la situaci\u00f3n econ\u00f3mica, ayudando a tomar decisiones informadas y acertadas. En Inmobiliaria Casa Familia&#8230;<\/p>\n","protected":false},"author":1,"featured_media":5029,"parent":0,"menu_order":2,"comment_status":"closed","ping_status":"closed","template":"","meta":{"footnotes":""},"class_list":["post-5415","page","type-page","status-publish","has-post-thumbnail","hentry"],"yoast_head":"<!-- This site is optimized with the Yoast SEO Premium plugin v20.0 (Yoast SEO v21.3) - https:\/\/yoast.com\/wordpress\/plugins\/seo\/ -->\n<title>Financiaci\u00f3n - Inmobiliaria Casa Familia<\/title>\n<meta name=\"description\" content=\"VALORACI\u00d3N DE INMUEBLES EN VENTA, ALQUILER, PISOS, CHALETS, APARTAMENTOS, CASAS, TERRENOS, PLAZAS DE GARAJES\" \/>\n<meta name=\"robots\" content=\"index, follow, max-snippet:-1, max-image-preview:large, max-video-preview:-1\" \/>\n<link rel=\"canonical\" href=\"https:\/\/inmobiliariacasafamilia.com\/index.php\/departamentofinanciero\/\" \/>\n<meta property=\"og:locale\" content=\"es_ES\" \/>\n<meta property=\"og:type\" content=\"article\" \/>\n<meta property=\"og:title\" content=\"Financiaci\u00f3n\" \/>\n<meta property=\"og:description\" content=\"VALORACI\u00d3N DE INMUEBLES EN VENTA, ALQUILER, PISOS, CHALETS, APARTAMENTOS, CASAS, TERRENOS, PLAZAS DE GARAJES\" \/>\n<meta property=\"og:url\" content=\"https:\/\/inmobiliariacasafamilia.com\/index.php\/departamentofinanciero\/\" \/>\n<meta property=\"og:site_name\" content=\"Inmobiliaria Casa Familia\" \/>\n<meta property=\"article:modified_time\" content=\"2023-10-23T09:32:12+00:00\" \/>\n<meta property=\"og:image\" content=\"https:\/\/inmobiliariacasafamilia.com\/wp-content\/uploads\/2023\/10\/arriba-pareja-contrato-hipoteca-scaled.jpg\" \/>\n\t<meta property=\"og:image:width\" content=\"2560\" \/>\n\t<meta property=\"og:image:height\" content=\"1709\" \/>\n\t<meta property=\"og:image:type\" content=\"image\/jpeg\" \/>\n<meta name=\"twitter:card\" content=\"summary_large_image\" \/>\n<meta name=\"twitter:label1\" content=\"Tiempo de lectura\" \/>\n\t<meta name=\"twitter:data1\" content=\"2 minutos\" \/>\n<script type=\"application\/ld+json\" class=\"yoast-schema-graph\">{\"@context\":\"https:\/\/schema.org\",\"@graph\":[{\"@type\":\"Article\",\"@id\":\"https:\/\/inmobiliariacasafamilia.com\/index.php\/departamentofinanciero\/#article\",\"isPartOf\":{\"@id\":\"https:\/\/inmobiliariacasafamilia.com\/index.php\/departamentofinanciero\/\"},\"author\":{\"name\":\"administrador\",\"@id\":\"https:\/\/inmobiliariacasafamilia.com\/#\/schema\/person\/40add41b4adae2379a3d9813c05fdf33\"},\"headline\":\"Financiaci\u00f3n\",\"datePublished\":\"2023-10-05T12:15:29+00:00\",\"dateModified\":\"2023-10-23T09:32:12+00:00\",\"mainEntityOfPage\":{\"@id\":\"https:\/\/inmobiliariacasafamilia.com\/index.php\/departamentofinanciero\/\"},\"wordCount\":247,\"publisher\":{\"@id\":\"https:\/\/inmobiliariacasafamilia.com\/#organization\"},\"inLanguage\":\"es\"},{\"@type\":[\"WebPage\",\"ItemPage\"],\"@id\":\"https:\/\/inmobiliariacasafamilia.com\/index.php\/departamentofinanciero\/\",\"url\":\"https:\/\/inmobiliariacasafamilia.com\/index.php\/departamentofinanciero\/\",\"name\":\"Financiaci\u00f3n - Inmobiliaria Casa Familia\",\"isPartOf\":{\"@id\":\"https:\/\/inmobiliariacasafamilia.com\/#website\"},\"datePublished\":\"2023-10-05T12:15:29+00:00\",\"dateModified\":\"2023-10-23T09:32:12+00:00\",\"description\":\"VALORACI\u00d3N DE INMUEBLES EN VENTA, ALQUILER, PISOS, CHALETS, APARTAMENTOS, CASAS, TERRENOS, PLAZAS DE GARAJES\",\"breadcrumb\":{\"@id\":\"https:\/\/inmobiliariacasafamilia.com\/index.php\/departamentofinanciero\/#breadcrumb\"},\"inLanguage\":\"es\",\"potentialAction\":[{\"@type\":\"ReadAction\",\"target\":[\"https:\/\/inmobiliariacasafamilia.com\/index.php\/departamentofinanciero\/\"]}]},{\"@type\":\"BreadcrumbList\",\"@id\":\"https:\/\/inmobiliariacasafamilia.com\/index.php\/departamentofinanciero\/#breadcrumb\",\"itemListElement\":[{\"@type\":\"ListItem\",\"position\":1,\"name\":\"Portada\",\"item\":\"https:\/\/inmobiliariacasafamilia.com\/\"},{\"@type\":\"ListItem\",\"position\":2,\"name\":\"Financiaci\u00f3n\"}]},{\"@type\":\"WebSite\",\"@id\":\"https:\/\/inmobiliariacasafamilia.com\/#website\",\"url\":\"https:\/\/inmobiliariacasafamilia.com\/\",\"name\":\"Inmobiliaria Casa Familia\",\"description\":\"\",\"publisher\":{\"@id\":\"https:\/\/inmobiliariacasafamilia.com\/#organization\"},\"potentialAction\":[{\"@type\":\"SearchAction\",\"target\":{\"@type\":\"EntryPoint\",\"urlTemplate\":\"https:\/\/inmobiliariacasafamilia.com\/?s={search_term_string}\"},\"query-input\":\"required name=search_term_string\"}],\"inLanguage\":\"es\"},{\"@type\":\"Organization\",\"@id\":\"https:\/\/inmobiliariacasafamilia.com\/#organization\",\"name\":\"Inmobiliaria Casa Familia\",\"url\":\"https:\/\/inmobiliariacasafamilia.com\/\",\"logo\":{\"@type\":\"ImageObject\",\"inLanguage\":\"es\",\"@id\":\"https:\/\/inmobiliariacasafamilia.com\/#\/schema\/logo\/image\/\",\"url\":\"https:\/\/inmobiliariacasafamilia.com\/wp-content\/uploads\/2020\/02\/montaje-cinta-fachada-WEB.png\",\"contentUrl\":\"https:\/\/inmobiliariacasafamilia.com\/wp-content\/uploads\/2020\/02\/montaje-cinta-fachada-WEB.png\",\"width\":400,\"height\":102,\"caption\":\"Inmobiliaria Casa Familia \"},\"image\":{\"@id\":\"https:\/\/inmobiliariacasafamilia.com\/#\/schema\/logo\/image\/\"}},{\"@type\":\"Person\",\"@id\":\"https:\/\/inmobiliariacasafamilia.com\/#\/schema\/person\/40add41b4adae2379a3d9813c05fdf33\",\"name\":\"administrador\",\"image\":{\"@type\":\"ImageObject\",\"inLanguage\":\"es\",\"@id\":\"https:\/\/inmobiliariacasafamilia.com\/#\/schema\/person\/image\/\",\"url\":\"https:\/\/secure.gravatar.com\/avatar\/599cbca6d701ac3bc95aaad1d6ce82036ebe8cfe44e10f54289e43d19077eb08?s=96&d=mm&r=g\",\"contentUrl\":\"https:\/\/secure.gravatar.com\/avatar\/599cbca6d701ac3bc95aaad1d6ce82036ebe8cfe44e10f54289e43d19077eb08?s=96&d=mm&r=g\",\"caption\":\"administrador\"},\"sameAs\":[\"https:\/\/inmobiliariacasafamilia.com\"],\"url\":\"https:\/\/inmobiliariacasafamilia.com\/index.php\/author\/administrador\/\"}]}<\/script>\n<!-- \/ Yoast SEO Premium plugin. -->","yoast_head_json":{"title":"Financiaci\u00f3n - Inmobiliaria Casa Familia","description":"VALORACI\u00d3N DE INMUEBLES EN VENTA, ALQUILER, PISOS, CHALETS, APARTAMENTOS, CASAS, TERRENOS, PLAZAS DE GARAJES","robots":{"index":"index","follow":"follow","max-snippet":"max-snippet:-1","max-image-preview":"max-image-preview:large","max-video-preview":"max-video-preview:-1"},"canonical":"https:\/\/inmobiliariacasafamilia.com\/index.php\/departamentofinanciero\/","og_locale":"es_ES","og_type":"article","og_title":"Financiaci\u00f3n","og_description":"VALORACI\u00d3N DE INMUEBLES EN VENTA, ALQUILER, PISOS, CHALETS, APARTAMENTOS, CASAS, TERRENOS, PLAZAS DE GARAJES","og_url":"https:\/\/inmobiliariacasafamilia.com\/index.php\/departamentofinanciero\/","og_site_name":"Inmobiliaria Casa Familia","article_modified_time":"2023-10-23T09:32:12+00:00","og_image":[{"width":2560,"height":1709,"url":"https:\/\/inmobiliariacasafamilia.com\/wp-content\/uploads\/2023\/10\/arriba-pareja-contrato-hipoteca-scaled.jpg","type":"image\/jpeg"}],"twitter_card":"summary_large_image","twitter_misc":{"Tiempo de lectura":"2 minutos"},"schema":{"@context":"https:\/\/schema.org","@graph":[{"@type":"Article","@id":"https:\/\/inmobiliariacasafamilia.com\/index.php\/departamentofinanciero\/#article","isPartOf":{"@id":"https:\/\/inmobiliariacasafamilia.com\/index.php\/departamentofinanciero\/"},"author":{"name":"administrador","@id":"https:\/\/inmobiliariacasafamilia.com\/#\/schema\/person\/40add41b4adae2379a3d9813c05fdf33"},"headline":"Financiaci\u00f3n","datePublished":"2023-10-05T12:15:29+00:00","dateModified":"2023-10-23T09:32:12+00:00","mainEntityOfPage":{"@id":"https:\/\/inmobiliariacasafamilia.com\/index.php\/departamentofinanciero\/"},"wordCount":247,"publisher":{"@id":"https:\/\/inmobiliariacasafamilia.com\/#organization"},"inLanguage":"es"},{"@type":["WebPage","ItemPage"],"@id":"https:\/\/inmobiliariacasafamilia.com\/index.php\/departamentofinanciero\/","url":"https:\/\/inmobiliariacasafamilia.com\/index.php\/departamentofinanciero\/","name":"Financiaci\u00f3n - Inmobiliaria Casa Familia","isPartOf":{"@id":"https:\/\/inmobiliariacasafamilia.com\/#website"},"datePublished":"2023-10-05T12:15:29+00:00","dateModified":"2023-10-23T09:32:12+00:00","description":"VALORACI\u00d3N DE INMUEBLES EN VENTA, ALQUILER, PISOS, CHALETS, APARTAMENTOS, CASAS, TERRENOS, PLAZAS DE GARAJES","breadcrumb":{"@id":"https:\/\/inmobiliariacasafamilia.com\/index.php\/departamentofinanciero\/#breadcrumb"},"inLanguage":"es","potentialAction":[{"@type":"ReadAction","target":["https:\/\/inmobiliariacasafamilia.com\/index.php\/departamentofinanciero\/"]}]},{"@type":"BreadcrumbList","@id":"https:\/\/inmobiliariacasafamilia.com\/index.php\/departamentofinanciero\/#breadcrumb","itemListElement":[{"@type":"ListItem","position":1,"name":"Portada","item":"https:\/\/inmobiliariacasafamilia.com\/"},{"@type":"ListItem","position":2,"name":"Financiaci\u00f3n"}]},{"@type":"WebSite","@id":"https:\/\/inmobiliariacasafamilia.com\/#website","url":"https:\/\/inmobiliariacasafamilia.com\/","name":"Inmobiliaria Casa Familia","description":"","publisher":{"@id":"https:\/\/inmobiliariacasafamilia.com\/#organization"},"potentialAction":[{"@type":"SearchAction","target":{"@type":"EntryPoint","urlTemplate":"https:\/\/inmobiliariacasafamilia.com\/?s={search_term_string}"},"query-input":"required name=search_term_string"}],"inLanguage":"es"},{"@type":"Organization","@id":"https:\/\/inmobiliariacasafamilia.com\/#organization","name":"Inmobiliaria Casa Familia","url":"https:\/\/inmobiliariacasafamilia.com\/","logo":{"@type":"ImageObject","inLanguage":"es","@id":"https:\/\/inmobiliariacasafamilia.com\/#\/schema\/logo\/image\/","url":"https:\/\/inmobiliariacasafamilia.com\/wp-content\/uploads\/2020\/02\/montaje-cinta-fachada-WEB.png","contentUrl":"https:\/\/inmobiliariacasafamilia.com\/wp-content\/uploads\/2020\/02\/montaje-cinta-fachada-WEB.png","width":400,"height":102,"caption":"Inmobiliaria Casa Familia "},"image":{"@id":"https:\/\/inmobiliariacasafamilia.com\/#\/schema\/logo\/image\/"}},{"@type":"Person","@id":"https:\/\/inmobiliariacasafamilia.com\/#\/schema\/person\/40add41b4adae2379a3d9813c05fdf33","name":"administrador","image":{"@type":"ImageObject","inLanguage":"es","@id":"https:\/\/inmobiliariacasafamilia.com\/#\/schema\/person\/image\/","url":"https:\/\/secure.gravatar.com\/avatar\/599cbca6d701ac3bc95aaad1d6ce82036ebe8cfe44e10f54289e43d19077eb08?s=96&d=mm&r=g","contentUrl":"https:\/\/secure.gravatar.com\/avatar\/599cbca6d701ac3bc95aaad1d6ce82036ebe8cfe44e10f54289e43d19077eb08?s=96&d=mm&r=g","caption":"administrador"},"sameAs":["https:\/\/inmobiliariacasafamilia.com"],"url":"https:\/\/inmobiliariacasafamilia.com\/index.php\/author\/administrador\/"}]}},"_links":{"self":[{"href":"https:\/\/inmobiliariacasafamilia.com\/index.php\/wp-json\/wp\/v2\/pages\/5415","targetHints":{"allow":["GET"]}}],"collection":[{"href":"https:\/\/inmobiliariacasafamilia.com\/index.php\/wp-json\/wp\/v2\/pages"}],"about":[{"href":"https:\/\/inmobiliariacasafamilia.com\/index.php\/wp-json\/wp\/v2\/types\/page"}],"author":[{"embeddable":true,"href":"https:\/\/inmobiliariacasafamilia.com\/index.php\/wp-json\/wp\/v2\/users\/1"}],"replies":[{"embeddable":true,"href":"https:\/\/inmobiliariacasafamilia.com\/index.php\/wp-json\/wp\/v2\/comments?post=5415"}],"version-history":[{"count":25,"href":"https:\/\/inmobiliariacasafamilia.com\/index.php\/wp-json\/wp\/v2\/pages\/5415\/revisions"}],"predecessor-version":[{"id":6084,"href":"https:\/\/inmobiliariacasafamilia.com\/index.php\/wp-json\/wp\/v2\/pages\/5415\/revisions\/6084"}],"wp:featuredmedia":[{"embeddable":true,"href":"https:\/\/inmobiliariacasafamilia.com\/index.php\/wp-json\/wp\/v2\/media\/5029"}],"wp:attachment":[{"href":"https:\/\/inmobiliariacasafamilia.com\/index.php\/wp-json\/wp\/v2\/media?parent=5415"}],"curies":[{"name":"wp","href":"https:\/\/api.w.org\/{rel}","templated":true}]}}