{"id":5421,"date":"2023-10-05T14:42:55","date_gmt":"2023-10-05T12:42:55","guid":{"rendered":"https:\/\/inmobiliariacasafamilia.com\/?page_id=5421"},"modified":"2024-11-22T02:03:14","modified_gmt":"2024-11-22T01:03:14","slug":"departamentojuridico","status":"publish","type":"page","link":"https:\/\/inmobiliariacasafamilia.com\/index.php\/departamentojuridico\/","title":{"rendered":"Jur\u00eddico"},"content":{"rendered":"\t\t<div data-elementor-type=\"wp-page\" data-elementor-id=\"5421\" class=\"elementor elementor-5421\" data-elementor-post-type=\"page\">\n\t\t\t\t<div class=\"elementor-element elementor-element-72b9ece e-flex e-con-boxed e-con e-parent\" data-id=\"72b9ece\" data-element_type=\"container\">\n\t\t\t\t\t<div class=\"e-con-inner\">\n\t\t\t\t<div class=\"elementor-element elementor-element-0c2ca68 elementor-widget elementor-widget-text-editor\" data-id=\"0c2ca68\" data-element_type=\"widget\" data-widget_type=\"text-editor.default\">\n\t\t\t\t<div class=\"elementor-widget-container\">\n\t\t\t\t\t\t\t\t\t<p><span style=\"font-weight: 400;\"><strong>El Departamento Jur\u00eddico<\/strong> Inmobiliario es el pilar esencial para cualquier transacci\u00f3n de bienes ra\u00edces. En Inmobiliaria Casa Familia, nos enorgullecemos de contar con el mejor despacho de abogados de la ciudad, especializados en este \u00e1mbito.<\/span><\/p><p><span style=\"font-weight: 400;\">Nuestro equipo de abogados ofrece los presupuestos m\u00e1s competitivos y flexibilidad en los planes de pago. Entendemos que cada situaci\u00f3n es \u00fanica y trabajamos para adaptarnos a tus necesidades. Con m\u00e1s de 15 a\u00f1os de experiencia en el sector inmobiliario, nuestros expertos legales tienen un profundo conocimiento de las complejidades y regulaciones que rigen este campo.<\/span><\/p><p><span style=\"font-weight: 400;\">Es imperativo tener toda la documentaci\u00f3n en regla al vender un inmueble. En Inmobiliaria Casa Familia, nos aseguramos de que cada detalle est\u00e9 en orden. Nuestro Departamento Jur\u00eddico Inmobiliario se encarga de revisar y preparar la documentaci\u00f3n necesaria para una transacci\u00f3n sin complicaciones y segura.<\/span><\/p><p><span style=\"font-weight: 400;\">No dejes al azar los aspectos legales de tus transacciones inmobiliarias. Conf\u00eda en el equipo de expertos de Inmobiliaria Casa Familia para garantizar que cada paso del proceso cumple con las normativas vigentes. Estamos aqu\u00ed para hacer que tu experiencia en bienes ra\u00edces sea exitosa y libre de preocupaciones.<\/span><\/p><p><span style=\"font-weight: 400;\">Cont\u00e1ctanos hoy mismo y descubre c\u00f3mo nuestro Departamento Jur\u00eddico Inmobiliario puede marcar la diferencia en tus transacciones inmobiliarias. Tu tranquilidad y seguridad son nuestra prioridad.<\/span><\/p>\t\t\t\t\t\t\t\t<\/div>\n\t\t\t\t<\/div>\n\t\t\t\t\t<\/div>\n\t\t\t\t<\/div>\n\t\t<div class=\"elementor-element elementor-element-5ea4f44 e-flex e-con-boxed e-con e-parent\" data-id=\"5ea4f44\" data-element_type=\"container\">\n\t\t\t\t\t<div class=\"e-con-inner\">\n\t\t\t\t<div class=\"elementor-element elementor-element-c899c8d elementor-icon-list--layout-traditional elementor-list-item-link-full_width elementor-widget elementor-widget-icon-list\" data-id=\"c899c8d\" data-element_type=\"widget\" data-widget_type=\"icon-list.default\">\n\t\t\t\t<div class=\"elementor-widget-container\">\n\t\t\t\t\t\t\t<ul class=\"elementor-icon-list-items\">\n\t\t\t\t\t\t\t<li class=\"elementor-icon-list-item\">\n\t\t\t\t\t\t\t\t\t\t\t<span class=\"elementor-icon-list-icon\">\n\t\t\t\t\t\t\t<i aria-hidden=\"true\" class=\"fas fa-check\"><\/i>\t\t\t\t\t\t<\/span>\n\t\t\t\t\t\t\t\t\t\t<span class=\"elementor-icon-list-text\">Tramites de ivima (permiso de venta, descalificaci\u00f3n, etc)<\/span>\n\t\t\t\t\t\t\t\t\t<\/li>\n\t\t\t\t\t\t\t\t<li class=\"elementor-icon-list-item\">\n\t\t\t\t\t\t\t\t\t\t\t<span class=\"elementor-icon-list-icon\">\n\t\t\t\t\t\t\t<i aria-hidden=\"true\" class=\"fas fa-check\"><\/i>\t\t\t\t\t\t<\/span>\n\t\t\t\t\t\t\t\t\t\t<span class=\"elementor-icon-list-text\">herencia, declaraci\u00f3n de herederos, testamentos, etc.<\/span>\n\t\t\t\t\t\t\t\t\t<\/li>\n\t\t\t\t\t\t\t\t<li class=\"elementor-icon-list-item\">\n\t\t\t\t\t\t\t\t\t\t\t<span class=\"elementor-icon-list-icon\">\n\t\t\t\t\t\t\t<i aria-hidden=\"true\" class=\"fas fa-check\"><\/i>\t\t\t\t\t\t<\/span>\n\t\t\t\t\t\t\t\t\t\t<span class=\"elementor-icon-list-text\">Poderes judiciales, plusvalia, Impuesto de transmisi\u00f3n patromoniales.<\/span>\n\t\t\t\t\t\t\t\t\t<\/li>\n\t\t\t\t\t\t<\/ul>\n\t\t\t\t\t\t<\/div>\n\t\t\t\t<\/div>\n\t\t\t\t\t<\/div>\n\t\t\t\t<\/div>\n\t\t<div class=\"elementor-element elementor-element-b02ae61 e-flex e-con-boxed e-con e-parent\" data-id=\"b02ae61\" data-element_type=\"container\">\n\t\t\t\t\t<div class=\"e-con-inner\">\n\t\t\t\t\t<\/div>\n\t\t\t\t<\/div>\n\t\t<div class=\"elementor-element elementor-element-019c3af e-flex e-con-boxed e-con e-parent\" data-id=\"019c3af\" data-element_type=\"container\">\n\t\t\t\t\t<div class=\"e-con-inner\">\n\t\t\t\t<div class=\"elementor-element elementor-element-4ff3a2f elementor-widget elementor-widget-text-editor\" data-id=\"4ff3a2f\" data-element_type=\"widget\" data-widget_type=\"text-editor.default\">\n\t\t\t\t<div class=\"elementor-widget-container\">\n\t\t\t\t\t\t\t\t\t<p><span style=\"text-decoration: underline;\"><span style=\"font-weight: 400;\"><span style=\"vertical-align: inherit;\"><span style=\"vertical-align: inherit;\">Flexibilidad en los planes de pago.<\/span><\/span><\/span><\/span><\/p>\t\t\t\t\t\t\t\t<\/div>\n\t\t\t\t<\/div>\n\t\t\t\t\t<\/div>\n\t\t\t\t<\/div>\n\t\t\t\t<\/div>\n\t\t","protected":false},"excerpt":{"rendered":"<p>El Departamento Jur\u00eddico Inmobiliario es el pilar esencial para cualquier transacci\u00f3n de bienes ra\u00edces. En Inmobiliaria Casa Familia, nos enorgullecemos de contar con el mejor despacho de abogados de la ciudad, especializados en este \u00e1mbito. Nuestro equipo de abogados ofrece los presupuestos m\u00e1s competitivos y flexibilidad en los planes de pago. Entendemos que cada situaci\u00f3n&#8230;<\/p>\n","protected":false},"author":1,"featured_media":5029,"parent":0,"menu_order":2,"comment_status":"closed","ping_status":"closed","template":"","meta":{"footnotes":""},"class_list":["post-5421","page","type-page","status-publish","has-post-thumbnail","hentry"],"yoast_head":"<!-- This site is optimized with the Yoast SEO Premium plugin v20.0 (Yoast SEO v21.3) - https:\/\/yoast.com\/wordpress\/plugins\/seo\/ -->\n<title>Jur\u00eddico - Inmobiliaria Casa Familia<\/title>\n<meta name=\"description\" content=\"VALORACI\u00d3N DE INMUEBLES EN VENTA, ALQUILER, PISOS, CHALETS, APARTAMENTOS, CASAS, TERRENOS, PLAZAS DE GARAJES\" \/>\n<meta name=\"robots\" content=\"index, follow, max-snippet:-1, max-image-preview:large, max-video-preview:-1\" \/>\n<link rel=\"canonical\" href=\"https:\/\/inmobiliariacasafamilia.com\/index.php\/departamentojuridico\/\" \/>\n<meta property=\"og:locale\" content=\"es_ES\" \/>\n<meta property=\"og:type\" content=\"article\" \/>\n<meta property=\"og:title\" content=\"Jur\u00eddico\" \/>\n<meta property=\"og:description\" content=\"VALORACI\u00d3N DE INMUEBLES EN VENTA, ALQUILER, PISOS, CHALETS, APARTAMENTOS, CASAS, TERRENOS, PLAZAS DE GARAJES\" \/>\n<meta property=\"og:url\" content=\"https:\/\/inmobiliariacasafamilia.com\/index.php\/departamentojuridico\/\" \/>\n<meta property=\"og:site_name\" content=\"Inmobiliaria Casa Familia\" \/>\n<meta property=\"article:modified_time\" content=\"2024-11-22T01:03:14+00:00\" \/>\n<meta property=\"og:image\" content=\"https:\/\/inmobiliariacasafamilia.com\/wp-content\/uploads\/2023\/10\/arriba-pareja-contrato-hipoteca-scaled.jpg\" \/>\n\t<meta property=\"og:image:width\" content=\"2560\" \/>\n\t<meta property=\"og:image:height\" content=\"1709\" \/>\n\t<meta property=\"og:image:type\" content=\"image\/jpeg\" \/>\n<meta name=\"twitter:card\" content=\"summary_large_image\" \/>\n<meta name=\"twitter:label1\" content=\"Tiempo de lectura\" \/>\n\t<meta name=\"twitter:data1\" content=\"2 minutos\" \/>\n<script type=\"application\/ld+json\" class=\"yoast-schema-graph\">{\"@context\":\"https:\/\/schema.org\",\"@graph\":[{\"@type\":\"Article\",\"@id\":\"https:\/\/inmobiliariacasafamilia.com\/index.php\/departamentojuridico\/#article\",\"isPartOf\":{\"@id\":\"https:\/\/inmobiliariacasafamilia.com\/index.php\/departamentojuridico\/\"},\"author\":{\"name\":\"administrador\",\"@id\":\"https:\/\/inmobiliariacasafamilia.com\/#\/schema\/person\/40add41b4adae2379a3d9813c05fdf33\"},\"headline\":\"Jur\u00eddico\",\"datePublished\":\"2023-10-05T12:42:55+00:00\",\"dateModified\":\"2024-11-22T01:03:14+00:00\",\"mainEntityOfPage\":{\"@id\":\"https:\/\/inmobiliariacasafamilia.com\/index.php\/departamentojuridico\/\"},\"wordCount\":303,\"publisher\":{\"@id\":\"https:\/\/inmobiliariacasafamilia.com\/#organization\"},\"inLanguage\":\"es\"},{\"@type\":[\"WebPage\",\"ItemPage\"],\"@id\":\"https:\/\/inmobiliariacasafamilia.com\/index.php\/departamentojuridico\/\",\"url\":\"https:\/\/inmobiliariacasafamilia.com\/index.php\/departamentojuridico\/\",\"name\":\"Jur\u00eddico - Inmobiliaria Casa Familia\",\"isPartOf\":{\"@id\":\"https:\/\/inmobiliariacasafamilia.com\/#website\"},\"datePublished\":\"2023-10-05T12:42:55+00:00\",\"dateModified\":\"2024-11-22T01:03:14+00:00\",\"description\":\"VALORACI\u00d3N DE INMUEBLES EN VENTA, ALQUILER, PISOS, CHALETS, APARTAMENTOS, CASAS, TERRENOS, PLAZAS DE GARAJES\",\"breadcrumb\":{\"@id\":\"https:\/\/inmobiliariacasafamilia.com\/index.php\/departamentojuridico\/#breadcrumb\"},\"inLanguage\":\"es\",\"potentialAction\":[{\"@type\":\"ReadAction\",\"target\":[\"https:\/\/inmobiliariacasafamilia.com\/index.php\/departamentojuridico\/\"]}]},{\"@type\":\"BreadcrumbList\",\"@id\":\"https:\/\/inmobiliariacasafamilia.com\/index.php\/departamentojuridico\/#breadcrumb\",\"itemListElement\":[{\"@type\":\"ListItem\",\"position\":1,\"name\":\"Portada\",\"item\":\"https:\/\/inmobiliariacasafamilia.com\/\"},{\"@type\":\"ListItem\",\"position\":2,\"name\":\"Jur\u00eddico\"}]},{\"@type\":\"WebSite\",\"@id\":\"https:\/\/inmobiliariacasafamilia.com\/#website\",\"url\":\"https:\/\/inmobiliariacasafamilia.com\/\",\"name\":\"Inmobiliaria Casa Familia\",\"description\":\"\",\"publisher\":{\"@id\":\"https:\/\/inmobiliariacasafamilia.com\/#organization\"},\"potentialAction\":[{\"@type\":\"SearchAction\",\"target\":{\"@type\":\"EntryPoint\",\"urlTemplate\":\"https:\/\/inmobiliariacasafamilia.com\/?s={search_term_string}\"},\"query-input\":\"required name=search_term_string\"}],\"inLanguage\":\"es\"},{\"@type\":\"Organization\",\"@id\":\"https:\/\/inmobiliariacasafamilia.com\/#organization\",\"name\":\"Inmobiliaria Casa Familia\",\"url\":\"https:\/\/inmobiliariacasafamilia.com\/\",\"logo\":{\"@type\":\"ImageObject\",\"inLanguage\":\"es\",\"@id\":\"https:\/\/inmobiliariacasafamilia.com\/#\/schema\/logo\/image\/\",\"url\":\"https:\/\/inmobiliariacasafamilia.com\/wp-content\/uploads\/2020\/02\/montaje-cinta-fachada-WEB.png\",\"contentUrl\":\"https:\/\/inmobiliariacasafamilia.com\/wp-content\/uploads\/2020\/02\/montaje-cinta-fachada-WEB.png\",\"width\":400,\"height\":102,\"caption\":\"Inmobiliaria Casa Familia \"},\"image\":{\"@id\":\"https:\/\/inmobiliariacasafamilia.com\/#\/schema\/logo\/image\/\"}},{\"@type\":\"Person\",\"@id\":\"https:\/\/inmobiliariacasafamilia.com\/#\/schema\/person\/40add41b4adae2379a3d9813c05fdf33\",\"name\":\"administrador\",\"image\":{\"@type\":\"ImageObject\",\"inLanguage\":\"es\",\"@id\":\"https:\/\/inmobiliariacasafamilia.com\/#\/schema\/person\/image\/\",\"url\":\"https:\/\/secure.gravatar.com\/avatar\/599cbca6d701ac3bc95aaad1d6ce82036ebe8cfe44e10f54289e43d19077eb08?s=96&d=mm&r=g\",\"contentUrl\":\"https:\/\/secure.gravatar.com\/avatar\/599cbca6d701ac3bc95aaad1d6ce82036ebe8cfe44e10f54289e43d19077eb08?s=96&d=mm&r=g\",\"caption\":\"administrador\"},\"sameAs\":[\"https:\/\/inmobiliariacasafamilia.com\"],\"url\":\"https:\/\/inmobiliariacasafamilia.com\/index.php\/author\/administrador\/\"}]}<\/script>\n<!-- \/ Yoast SEO Premium plugin. -->","yoast_head_json":{"title":"Jur\u00eddico - Inmobiliaria Casa Familia","description":"VALORACI\u00d3N DE INMUEBLES EN VENTA, ALQUILER, PISOS, CHALETS, APARTAMENTOS, CASAS, TERRENOS, PLAZAS DE GARAJES","robots":{"index":"index","follow":"follow","max-snippet":"max-snippet:-1","max-image-preview":"max-image-preview:large","max-video-preview":"max-video-preview:-1"},"canonical":"https:\/\/inmobiliariacasafamilia.com\/index.php\/departamentojuridico\/","og_locale":"es_ES","og_type":"article","og_title":"Jur\u00eddico","og_description":"VALORACI\u00d3N DE INMUEBLES EN VENTA, ALQUILER, PISOS, CHALETS, APARTAMENTOS, CASAS, TERRENOS, PLAZAS DE GARAJES","og_url":"https:\/\/inmobiliariacasafamilia.com\/index.php\/departamentojuridico\/","og_site_name":"Inmobiliaria Casa Familia","article_modified_time":"2024-11-22T01:03:14+00:00","og_image":[{"width":2560,"height":1709,"url":"https:\/\/inmobiliariacasafamilia.com\/wp-content\/uploads\/2023\/10\/arriba-pareja-contrato-hipoteca-scaled.jpg","type":"image\/jpeg"}],"twitter_card":"summary_large_image","twitter_misc":{"Tiempo de lectura":"2 minutos"},"schema":{"@context":"https:\/\/schema.org","@graph":[{"@type":"Article","@id":"https:\/\/inmobiliariacasafamilia.com\/index.php\/departamentojuridico\/#article","isPartOf":{"@id":"https:\/\/inmobiliariacasafamilia.com\/index.php\/departamentojuridico\/"},"author":{"name":"administrador","@id":"https:\/\/inmobiliariacasafamilia.com\/#\/schema\/person\/40add41b4adae2379a3d9813c05fdf33"},"headline":"Jur\u00eddico","datePublished":"2023-10-05T12:42:55+00:00","dateModified":"2024-11-22T01:03:14+00:00","mainEntityOfPage":{"@id":"https:\/\/inmobiliariacasafamilia.com\/index.php\/departamentojuridico\/"},"wordCount":303,"publisher":{"@id":"https:\/\/inmobiliariacasafamilia.com\/#organization"},"inLanguage":"es"},{"@type":["WebPage","ItemPage"],"@id":"https:\/\/inmobiliariacasafamilia.com\/index.php\/departamentojuridico\/","url":"https:\/\/inmobiliariacasafamilia.com\/index.php\/departamentojuridico\/","name":"Jur\u00eddico - Inmobiliaria Casa Familia","isPartOf":{"@id":"https:\/\/inmobiliariacasafamilia.com\/#website"},"datePublished":"2023-10-05T12:42:55+00:00","dateModified":"2024-11-22T01:03:14+00:00","description":"VALORACI\u00d3N DE INMUEBLES EN VENTA, ALQUILER, PISOS, CHALETS, APARTAMENTOS, CASAS, TERRENOS, PLAZAS DE GARAJES","breadcrumb":{"@id":"https:\/\/inmobiliariacasafamilia.com\/index.php\/departamentojuridico\/#breadcrumb"},"inLanguage":"es","potentialAction":[{"@type":"ReadAction","target":["https:\/\/inmobiliariacasafamilia.com\/index.php\/departamentojuridico\/"]}]},{"@type":"BreadcrumbList","@id":"https:\/\/inmobiliariacasafamilia.com\/index.php\/departamentojuridico\/#breadcrumb","itemListElement":[{"@type":"ListItem","position":1,"name":"Portada","item":"https:\/\/inmobiliariacasafamilia.com\/"},{"@type":"ListItem","position":2,"name":"Jur\u00eddico"}]},{"@type":"WebSite","@id":"https:\/\/inmobiliariacasafamilia.com\/#website","url":"https:\/\/inmobiliariacasafamilia.com\/","name":"Inmobiliaria Casa Familia","description":"","publisher":{"@id":"https:\/\/inmobiliariacasafamilia.com\/#organization"},"potentialAction":[{"@type":"SearchAction","target":{"@type":"EntryPoint","urlTemplate":"https:\/\/inmobiliariacasafamilia.com\/?s={search_term_string}"},"query-input":"required name=search_term_string"}],"inLanguage":"es"},{"@type":"Organization","@id":"https:\/\/inmobiliariacasafamilia.com\/#organization","name":"Inmobiliaria Casa Familia","url":"https:\/\/inmobiliariacasafamilia.com\/","logo":{"@type":"ImageObject","inLanguage":"es","@id":"https:\/\/inmobiliariacasafamilia.com\/#\/schema\/logo\/image\/","url":"https:\/\/inmobiliariacasafamilia.com\/wp-content\/uploads\/2020\/02\/montaje-cinta-fachada-WEB.png","contentUrl":"https:\/\/inmobiliariacasafamilia.com\/wp-content\/uploads\/2020\/02\/montaje-cinta-fachada-WEB.png","width":400,"height":102,"caption":"Inmobiliaria Casa Familia "},"image":{"@id":"https:\/\/inmobiliariacasafamilia.com\/#\/schema\/logo\/image\/"}},{"@type":"Person","@id":"https:\/\/inmobiliariacasafamilia.com\/#\/schema\/person\/40add41b4adae2379a3d9813c05fdf33","name":"administrador","image":{"@type":"ImageObject","inLanguage":"es","@id":"https:\/\/inmobiliariacasafamilia.com\/#\/schema\/person\/image\/","url":"https:\/\/secure.gravatar.com\/avatar\/599cbca6d701ac3bc95aaad1d6ce82036ebe8cfe44e10f54289e43d19077eb08?s=96&d=mm&r=g","contentUrl":"https:\/\/secure.gravatar.com\/avatar\/599cbca6d701ac3bc95aaad1d6ce82036ebe8cfe44e10f54289e43d19077eb08?s=96&d=mm&r=g","caption":"administrador"},"sameAs":["https:\/\/inmobiliariacasafamilia.com"],"url":"https:\/\/inmobiliariacasafamilia.com\/index.php\/author\/administrador\/"}]}},"_links":{"self":[{"href":"https:\/\/inmobiliariacasafamilia.com\/index.php\/wp-json\/wp\/v2\/pages\/5421","targetHints":{"allow":["GET"]}}],"collection":[{"href":"https:\/\/inmobiliariacasafamilia.com\/index.php\/wp-json\/wp\/v2\/pages"}],"about":[{"href":"https:\/\/inmobiliariacasafamilia.com\/index.php\/wp-json\/wp\/v2\/types\/page"}],"author":[{"embeddable":true,"href":"https:\/\/inmobiliariacasafamilia.com\/index.php\/wp-json\/wp\/v2\/users\/1"}],"replies":[{"embeddable":true,"href":"https:\/\/inmobiliariacasafamilia.com\/index.php\/wp-json\/wp\/v2\/comments?post=5421"}],"version-history":[{"count":24,"href":"https:\/\/inmobiliariacasafamilia.com\/index.php\/wp-json\/wp\/v2\/pages\/5421\/revisions"}],"predecessor-version":[{"id":8040,"href":"https:\/\/inmobiliariacasafamilia.com\/index.php\/wp-json\/wp\/v2\/pages\/5421\/revisions\/8040"}],"wp:featuredmedia":[{"embeddable":true,"href":"https:\/\/inmobiliariacasafamilia.com\/index.php\/wp-json\/wp\/v2\/media\/5029"}],"wp:attachment":[{"href":"https:\/\/inmobiliariacasafamilia.com\/index.php\/wp-json\/wp\/v2\/media?parent=5421"}],"curies":[{"name":"wp","href":"https:\/\/api.w.org\/{rel}","templated":true}]}}